{"id":5392,"date":"2025-07-04T11:38:59","date_gmt":"2025-07-04T16:38:59","guid":{"rendered":"http:\/\/istriobamba.edu.ec\/?page_id=5392"},"modified":"2025-07-04T11:56:43","modified_gmt":"2025-07-04T16:56:43","slug":"aa-prueba","status":"publish","type":"page","link":"https:\/\/istriobamba.edu.ec\/index.php\/aa-prueba\/","title":{"rendered":"CAPACITACIONES 2025 IP"},"content":{"rendered":"\t\t<div data-elementor-type=\"wp-page\" data-elementor-id=\"5392\" class=\"elementor elementor-5392\">\n\t\t\t\t\t\t\t<div class=\"elementor-element elementor-element-a9b95ea e-con-boxed e-con\" data-id=\"a9b95ea\" data-element_type=\"container\" data-settings=\"{&quot;content_width&quot;:&quot;boxed&quot;}\">\n\t\t\t\t\t<div class=\"e-con-inner\">\n\t\t<div class=\"elementor-element elementor-element-76b8d61 e-con-boxed e-con\" data-id=\"76b8d61\" data-element_type=\"container\" data-settings=\"{&quot;content_width&quot;:&quot;boxed&quot;}\">\n\t\t\t\t\t<div class=\"e-con-inner\">\n\t\t\t\t<div class=\"elementor-element elementor-element-76f6411 elementor-widget elementor-widget-image\" data-id=\"76f6411\" data-element_type=\"widget\" data-widget_type=\"image.default\">\n\t\t\t\t<div class=\"elementor-widget-container\">\n\t\t\t<style>\/*! elementor - v3.11.5 - 14-03-2023 *\/\n.elementor-widget-image{text-align:center}.elementor-widget-image a{display:inline-block}.elementor-widget-image a img[src$=\".svg\"]{width:48px}.elementor-widget-image img{vertical-align:middle;display:inline-block}<\/style>\t\t\t\t\t\t\t\t\t\t\t\t<img width=\"640\" height=\"227\" src=\"https:\/\/istriobamba.edu.ec\/wp-content\/uploads\/2025\/01\/CFISE-01.jpg\" class=\"attachment-large size-large wp-image-4897\" alt=\"\" loading=\"lazy\" sizes=\"(max-width: 34.9rem) calc(100vw - 2rem), (max-width: 53rem) calc(8 * (100vw \/ 12)), (min-width: 53rem) calc(6 * (100vw \/ 12)), 100vw\" \/>\t\t\t\t\t\t\t\t\t\t\t\t\t\t\t<\/div>\n\t\t\t\t<\/div>\n\t\t\t\t<div class=\"elementor-element elementor-element-fda185b elementor-widget elementor-widget-heading\" data-id=\"fda185b\" data-element_type=\"widget\" data-widget_type=\"heading.default\">\n\t\t\t\t<div class=\"elementor-widget-container\">\n\t\t\t<style>\/*! elementor - v3.11.5 - 14-03-2023 *\/\n.elementor-heading-title{padding:0;margin:0;line-height:1}.elementor-widget-heading .elementor-heading-title[class*=elementor-size-]>a{color:inherit;font-size:inherit;line-height:inherit}.elementor-widget-heading .elementor-heading-title.elementor-size-small{font-size:15px}.elementor-widget-heading .elementor-heading-title.elementor-size-medium{font-size:19px}.elementor-widget-heading .elementor-heading-title.elementor-size-large{font-size:29px}.elementor-widget-heading .elementor-heading-title.elementor-size-xl{font-size:39px}.elementor-widget-heading .elementor-heading-title.elementor-size-xxl{font-size:59px}<\/style><h2 class=\"elementor-heading-title elementor-size-default\">Las capacitaciones en el Instituto Tecnol\u00f3gico Riobamba est\u00e1n dise\u00f1adas como espacios de formaci\u00f3n complementaria que fortalecen el perfil acad\u00e9mico y profesional de los estudiantes. Estas actividades buscan actualizar conocimientos, desarrollar habilidades pr\u00e1cticas y promover la aplicaci\u00f3n de saberes t\u00e9cnicos en contextos reales, de acuerdo con las demandas del entorno laboral y productivo.<\/h2>\t\t<\/div>\n\t\t\t\t<\/div>\n\t\t\t\t\t<\/div>\n\t\t\t\t<\/div>\n\t\t\t\t\t<\/div>\n\t\t\t\t<\/div>\n\t\t<div class=\"elementor-element elementor-element-7fad513 e-con-boxed e-con\" data-id=\"7fad513\" data-element_type=\"container\" data-settings=\"{&quot;content_width&quot;:&quot;boxed&quot;}\">\n\t\t\t\t\t<div class=\"e-con-inner\">\n\t\t\t\t<div class=\"elementor-element elementor-element-59ef8fb elementor-pagination-position-outside elementor--h-position-center elementor--v-position-middle elementor-arrows-position-inside elementor-widget elementor-widget-slides\" data-id=\"59ef8fb\" data-element_type=\"widget\" data-settings=\"{&quot;autoplay_speed&quot;:3000,&quot;transition&quot;:&quot;fade&quot;,&quot;navigation&quot;:&quot;both&quot;,&quot;autoplay&quot;:&quot;yes&quot;,&quot;pause_on_hover&quot;:&quot;yes&quot;,&quot;infinite&quot;:&quot;yes&quot;,&quot;transition_speed&quot;:500}\" data-widget_type=\"slides.default\">\n\t\t\t\t<div class=\"elementor-widget-container\">\n\t\t\t<style>\/*! elementor-pro - v3.11.3 - 26-02-2023 *\/\n.elementor-slides .swiper-slide-bg{background-size:cover;background-position:50%;background-repeat:no-repeat;min-width:100%;min-height:100%}.elementor-slides .swiper-slide-inner{background-repeat:no-repeat;background-position:50%;position:absolute;top:0;left:0;bottom:0;right:0;padding:50px;margin:auto}.elementor-slides .swiper-slide-inner,.elementor-slides .swiper-slide-inner:hover{color:#fff;display:flex}.elementor-slides .swiper-slide-inner .elementor-background-overlay{position:absolute;z-index:0;top:0;bottom:0;left:0;right:0}.elementor-slides .swiper-slide-inner .elementor-slide-content{position:relative;z-index:1;width:100%}.elementor-slides .swiper-slide-inner .elementor-slide-heading{font-size:35px;font-weight:700;line-height:1}.elementor-slides .swiper-slide-inner .elementor-slide-description{font-size:17px;line-height:1.4}.elementor-slides .swiper-slide-inner .elementor-slide-description:not(:last-child),.elementor-slides .swiper-slide-inner .elementor-slide-heading:not(:last-child){margin-bottom:30px}.elementor-slides .swiper-slide-inner .elementor-slide-button{border:2px solid #fff;color:#fff;background:transparent;display:inline-block}.elementor-slides .swiper-slide-inner .elementor-slide-button,.elementor-slides .swiper-slide-inner .elementor-slide-button:hover{background:transparent;color:inherit;text-decoration:none}.elementor--v-position-top .swiper-slide-inner{align-items:flex-start}.elementor--v-position-bottom .swiper-slide-inner{align-items:flex-end}.elementor--v-position-middle .swiper-slide-inner{align-items:center}.elementor--h-position-left .swiper-slide-inner{justify-content:flex-start}.elementor--h-position-right .swiper-slide-inner{justify-content:flex-end}.elementor--h-position-center .swiper-slide-inner{justify-content:center}body.rtl .elementor-widget-slides .elementor-swiper-button-next{left:10px;right:auto}body.rtl .elementor-widget-slides .elementor-swiper-button-prev{right:10px;left:auto}.elementor-slides-wrapper div:not(.swiper-slide)>.swiper-slide-inner{display:none}@media (max-width:767px){.elementor-slides .swiper-slide-inner{padding:30px}.elementor-slides .swiper-slide-inner .elementor-slide-heading{font-size:23px;line-height:1;margin-bottom:15px}.elementor-slides .swiper-slide-inner .elementor-slide-description{font-size:13px;line-height:1.4;margin-bottom:15px}}<\/style>\t\t<div class=\"elementor-swiper\">\n\t\t\t<div class=\"elementor-slides-wrapper elementor-main-swiper swiper-container\" dir=\"ltr\" data-animation=\"zoomIn\">\n\t\t\t\t<div class=\"swiper-wrapper elementor-slides\">\n\t\t\t\t\t\t\t\t\t\t<div class=\"elementor-repeater-item-f624f9c swiper-slide\"><div class=\"swiper-slide-bg elementor-ken-burns elementor-ken-burns--in\"><\/div><div class=\"elementor-background-overlay\"><\/div><a class=\"swiper-slide-inner\" href=\"http:\/\/siga.institutos.gob.ec:8080\/siga-web\/\"><div class=\"swiper-slide-contents\"><div class=\"elementor-slide-heading\">TURISMO<\/div><div class=\"elementor-slide-description\">SNAP COMO APORTE AL DESARROLLO SOSTENIBLE LOCAL<\/div><div  class=\"elementor-button elementor-slide-button elementor-size-md\">INSCRIBETE<\/div><\/div><\/a><\/div><div class=\"elementor-repeater-item-eb42c68 swiper-slide\"><div class=\"swiper-slide-bg elementor-ken-burns elementor-ken-burns--in\"><\/div><div class=\"elementor-background-overlay\"><\/div><a class=\"swiper-slide-inner\" href=\"http:\/\/siga.institutos.gob.ec:8080\/siga-web\/\"><div class=\"swiper-slide-contents\"><div class=\"elementor-slide-heading\">DESARROLLO DE SOFTWARE<\/div><div class=\"elementor-slide-description\">PROGRAMACI\u00d3N Y TENDENCIAS QUE EST\u00c1N TRANSFORMANDO EL DESARROLLO DE SOFTWARE EN EL A\u00d1O 2025.<\/div><div  class=\"elementor-button elementor-slide-button elementor-size-md\">INSCRIBETE<\/div><\/div><\/a><\/div><div class=\"elementor-repeater-item-59197c8 swiper-slide\"><div class=\"swiper-slide-bg elementor-ken-burns elementor-ken-burns--in\"><\/div><div class=\"elementor-background-overlay\"><\/div><div class=\"swiper-slide-inner\" ><div class=\"swiper-slide-contents\"><div class=\"elementor-slide-heading\">CONSTRUCCI\u00d3N<\/div><div class=\"elementor-slide-description\">MANEJO DE ARCGIS APLICADA AL SECTOR DE LA CONSTRUCCI\u00d3N.<\/div><a href=\"http:\/\/siga.institutos.gob.ec:8080\/siga-web\/\" class=\"elementor-button elementor-slide-button elementor-size-md\">INSCRIBETE<\/a><\/div><\/div><\/div><div class=\"elementor-repeater-item-a9d4bbf swiper-slide\"><div class=\"swiper-slide-bg elementor-ken-burns elementor-ken-burns--in\"><\/div><div class=\"elementor-background-overlay\"><\/div><a class=\"swiper-slide-inner\" href=\"http:\/\/siga.institutos.gob.ec:8080\/siga-web\/\"><div class=\"swiper-slide-contents\"><div class=\"elementor-slide-heading\">ADMINISTRACI\u00d3N PARA ECONOM\u00cdA POPULAR Y SOLIDARIA, MICROS Y PEQUE\u00d1AS EMPRESAS <\/div><div class=\"elementor-slide-description\">MODELO DE NEGOCIO A TRAV\u00c9S DE LA INNOVACI\u00d3N EN LOS EMPRENDIMIENTOS<\/div><div  class=\"elementor-button elementor-slide-button elementor-size-md\">INSCRIBETE<\/div><\/div><\/a><\/div><div class=\"elementor-repeater-item-b9bfbe7 swiper-slide\"><div class=\"swiper-slide-bg elementor-ken-burns elementor-ken-burns--in\"><\/div><div class=\"elementor-background-overlay\"><\/div><a class=\"swiper-slide-inner\" href=\"http:\/\/siga.institutos.gob.ec:8080\/siga-web\/\"><div class=\"swiper-slide-contents\"><div class=\"elementor-slide-heading\">ADMINISTARCI\u00d3N FINANCIERA  <\/div><div class=\"elementor-slide-description\">MODELO DE NEGOCIO A TRAV\u00c9S DE LA INNOVACI\u00d3N EN LOS EMPRENDIMIENTOS<\/div><div  class=\"elementor-button elementor-slide-button elementor-size-md\">INSCRIBETE<\/div><\/div><\/a><\/div><div class=\"elementor-repeater-item-6170d6d swiper-slide\"><div class=\"swiper-slide-bg elementor-ken-burns elementor-ken-burns--in\"><\/div><div class=\"elementor-background-overlay\"><\/div><a class=\"swiper-slide-inner\" href=\"http:\/\/siga.institutos.gob.ec:8080\/siga-web\/\"><div class=\"swiper-slide-contents\"><div class=\"elementor-slide-heading\">M\u00daSICA POPULAR<\/div><div class=\"elementor-slide-description\">M\u00daSICA EN ACCI\u00d3N: PRODUCCI\u00d3N, LIDERAZGO ART\u00cdSTICO Y MERCADO<\/div><div  class=\"elementor-button elementor-slide-button elementor-size-md\">INSCRIBETE<\/div><\/div><\/a><\/div><div class=\"elementor-repeater-item-5f7e963 swiper-slide\"><div class=\"swiper-slide-bg elementor-ken-burns elementor-ken-burns--in\"><\/div><div class=\"elementor-background-overlay\"><\/div><a class=\"swiper-slide-inner\" href=\"http:\/\/siga.institutos.gob.ec:8080\/siga-web\/\"><div class=\"swiper-slide-contents\"><div class=\"elementor-slide-heading\">ESTIMULACI\u00d3N TEMPRANA<\/div><div class=\"elementor-slide-description\">INTRODUCCI\u00d3N A LA TERAPIA ASISTIDA CON  CABALLOS.<\/div><div  class=\"elementor-button elementor-slide-button elementor-size-md\">INSCRIBETE<\/div><\/div><\/a><\/div><div class=\"elementor-repeater-item-7c3c5ff swiper-slide\"><div class=\"swiper-slide-bg elementor-ken-burns elementor-ken-burns--in\"><\/div><div class=\"elementor-background-overlay\"><\/div><div class=\"swiper-slide-inner\" ><div class=\"swiper-slide-contents\"><div class=\"elementor-slide-heading\">ASISTENCIA EN FARMACIA<\/div><div class=\"elementor-slide-description\">ATENCI\u00d3N FARMAC\u00c9UTICA CENTRADA EN EL PACIENTE: BUENAS PR\u00c1CTICAS Y PROTOCOLOS.<\/div><div  class=\"elementor-button elementor-slide-button elementor-size-md\">Click Here<\/div><\/div><\/div><\/div><div class=\"elementor-repeater-item-26d7104 swiper-slide\"><div class=\"swiper-slide-bg elementor-ken-burns elementor-ken-burns--in\"><\/div><div class=\"elementor-background-overlay\"><\/div><a class=\"swiper-slide-inner\" href=\"http:\/\/siga.institutos.gob.ec:8080\/siga-web\/\"><div class=\"swiper-slide-contents\"><div class=\"elementor-slide-heading\">REHABILITACI\u00d3N F\u00cdSICA<\/div><div class=\"elementor-slide-description\">REHABILITACI\u00d3N F\u00cdSICA Y MEDICINA. <\/div><div  class=\"elementor-button elementor-slide-button elementor-size-md\">INSCRIBETE<\/div><\/div><\/a><\/div><div class=\"elementor-repeater-item-995dc69 swiper-slide\"><div class=\"swiper-slide-bg elementor-ken-burns elementor-ken-burns--in\"><\/div><div class=\"elementor-background-overlay\"><\/div><a class=\"swiper-slide-inner\" href=\"http:\/\/siga.institutos.gob.ec:8080\/siga-web\/\"><div class=\"swiper-slide-contents\"><div class=\"elementor-slide-heading\">EMERGENCIAS M\u00c9DICAS<\/div><div class=\"elementor-slide-description\">ATENCI\u00d3N PREHOSPITALARIA. <\/div><div  class=\"elementor-button elementor-slide-button elementor-size-md\">INSCRIBETE<\/div><\/div><\/a><\/div><div class=\"elementor-repeater-item-078d048 swiper-slide\"><div class=\"swiper-slide-bg elementor-ken-burns elementor-ken-burns--in\"><\/div><div class=\"elementor-background-overlay\"><\/div><a class=\"swiper-slide-inner\" href=\"http:\/\/siga.institutos.gob.ec:8080\/siga-web\/\"><div class=\"swiper-slide-contents\"><div class=\"elementor-slide-heading\">PROCESAMIENTO DE ALIMENTOS<\/div><div class=\"elementor-slide-description\">TENDENCIAS EN LA PRODUCCI\u00d3N DE ALIMENTOS Y BEBIDAS ARTESANALES.<\/div><div  class=\"elementor-button elementor-slide-button elementor-size-md\">INSCRIBETE<\/div><\/div><\/a><\/div>\t\t\t\t<\/div>\n\t\t\t\t\t\t\t\t\t\t\t\t\t\t\t<div class=\"swiper-pagination\"><\/div>\n\t\t\t\t\t\t\t\t\t\t\t\t\t\t\t\t<div class=\"elementor-swiper-button elementor-swiper-button-prev\">\n\t\t\t\t\t\t\t<i aria-hidden=\"true\" class=\"eicon-chevron-left\"><\/i>\t\t\t\t\t\t\t<span class=\"elementor-screen-only\">Previous<\/span>\n\t\t\t\t\t\t<\/div>\n\t\t\t\t\t\t<div class=\"elementor-swiper-button elementor-swiper-button-next\">\n\t\t\t\t\t\t\t<i aria-hidden=\"true\" class=\"eicon-chevron-right\"><\/i>\t\t\t\t\t\t\t<span class=\"elementor-screen-only\">Next<\/span>\n\t\t\t\t\t\t<\/div>\n\t\t\t\t\t\t\t\t\t\t\t\t<\/div>\n\t\t<\/div>\n\t\t\t\t<\/div>\n\t\t\t\t<\/div>\n\t\t\t\t\t<\/div>\n\t\t\t\t<\/div>\n\t\t\t\t\t\t\t<\/div>\n\t\t","protected":false},"excerpt":{"rendered":"<p>Las capacitaciones en el Instituto Tecnol\u00f3gico Riobamba est\u00e1n dise\u00f1adas como espacios de formaci\u00f3n complementaria que fortalecen el perfil acad\u00e9mico y profesional de los estudiantes. Estas actividades buscan actualizar conocimientos, desarrollar habilidades pr\u00e1cticas y promover la aplicaci\u00f3n de saberes t\u00e9cnicos en contextos reales, de acuerdo con las demandas del entorno laboral y productivo. TURISMOSNAP COMO APORTE &hellip; <\/p>\n<p class=\"link-more\"><a href=\"https:\/\/istriobamba.edu.ec\/index.php\/aa-prueba\/\" class=\"more-link\">Seguir leyendo<span class=\"screen-reader-text\"> \u00abCAPACITACIONES 2025 IP\u00bb<\/span><\/a><\/p>\n","protected":false},"author":1,"featured_media":0,"parent":0,"menu_order":0,"comment_status":"closed","ping_status":"closed","template":"","meta":[],"yoast_head":"<!-- This site is optimized with the Yoast SEO plugin v19.4 - https:\/\/yoast.com\/wordpress\/plugins\/seo\/ -->\n<title>CAPACITACIONES 2025 IP - INSTITUTO SUPERIOR TECNOL\u00d3GICO RIOBAMBA<\/title>\n<meta name=\"robots\" content=\"index, follow, max-snippet:-1, max-image-preview:large, max-video-preview:-1\" \/>\n<link rel=\"canonical\" href=\"https:\/\/istriobamba.edu.ec\/index.php\/aa-prueba\/\" \/>\n<meta property=\"og:locale\" content=\"es_ES\" \/>\n<meta property=\"og:type\" content=\"article\" \/>\n<meta property=\"og:title\" content=\"CAPACITACIONES 2025 IP - INSTITUTO SUPERIOR TECNOL\u00d3GICO RIOBAMBA\" \/>\n<meta property=\"og:description\" content=\"Las capacitaciones en el Instituto Tecnol\u00f3gico Riobamba est\u00e1n dise\u00f1adas como espacios de formaci\u00f3n complementaria que fortalecen el perfil acad\u00e9mico y profesional de los estudiantes. Estas actividades buscan actualizar conocimientos, desarrollar habilidades pr\u00e1cticas y promover la aplicaci\u00f3n de saberes t\u00e9cnicos en contextos reales, de acuerdo con las demandas del entorno laboral y productivo. TURISMOSNAP COMO APORTE &hellip; Seguir leyendo \u00abCAPACITACIONES 2025 IP\u00bb\" \/>\n<meta property=\"og:url\" content=\"https:\/\/istriobamba.edu.ec\/index.php\/aa-prueba\/\" \/>\n<meta property=\"og:site_name\" content=\"INSTITUTO SUPERIOR TECNOL\u00d3GICO RIOBAMBA\" \/>\n<meta property=\"article:modified_time\" content=\"2025-07-04T16:56:43+00:00\" \/>\n<meta property=\"og:image\" content=\"http:\/\/istriobamba.edu.ec\/wp-content\/uploads\/2025\/01\/CFISE-01.jpg\" \/>\n<meta name=\"twitter:card\" content=\"summary_large_image\" \/>\n<meta name=\"twitter:label1\" content=\"Est. reading time\" \/>\n\t<meta name=\"twitter:data1\" content=\"2 minutos\" \/>\n<script type=\"application\/ld+json\" class=\"yoast-schema-graph\">{\"@context\":\"https:\/\/schema.org\",\"@graph\":[{\"@type\":\"Organization\",\"@id\":\"https:\/\/istriobamba.edu.ec\/#organization\",\"name\":\"INSTITUTO SUPERIOR TECNOL\u00d3GICO RIOBAMBA\",\"url\":\"https:\/\/istriobamba.edu.ec\/\",\"sameAs\":[],\"logo\":{\"@type\":\"ImageObject\",\"inLanguage\":\"es\",\"@id\":\"https:\/\/istriobamba.edu.ec\/#\/schema\/logo\/image\/\",\"url\":\"https:\/\/istriobamba.edu.ec\/wp-content\/uploads\/2026\/01\/fav-icon-1.png\",\"contentUrl\":\"https:\/\/istriobamba.edu.ec\/wp-content\/uploads\/2026\/01\/fav-icon-1.png\",\"width\":190,\"height\":190,\"caption\":\"INSTITUTO SUPERIOR TECNOL\u00d3GICO RIOBAMBA\"},\"image\":{\"@id\":\"https:\/\/istriobamba.edu.ec\/#\/schema\/logo\/image\/\"}},{\"@type\":\"WebSite\",\"@id\":\"https:\/\/istriobamba.edu.ec\/#website\",\"url\":\"https:\/\/istriobamba.edu.ec\/\",\"name\":\"INSTITUTO SUPERIOR TECNOL\u00d3GICO RIOBAMBA\",\"description\":\"\",\"publisher\":{\"@id\":\"https:\/\/istriobamba.edu.ec\/#organization\"},\"potentialAction\":[{\"@type\":\"SearchAction\",\"target\":{\"@type\":\"EntryPoint\",\"urlTemplate\":\"https:\/\/istriobamba.edu.ec\/?s={search_term_string}\"},\"query-input\":\"required name=search_term_string\"}],\"inLanguage\":\"es\"},{\"@type\":\"WebPage\",\"@id\":\"https:\/\/istriobamba.edu.ec\/index.php\/aa-prueba\/\",\"url\":\"https:\/\/istriobamba.edu.ec\/index.php\/aa-prueba\/\",\"name\":\"CAPACITACIONES 2025 IP - INSTITUTO SUPERIOR TECNOL\u00d3GICO RIOBAMBA\",\"isPartOf\":{\"@id\":\"https:\/\/istriobamba.edu.ec\/#website\"},\"datePublished\":\"2025-07-04T16:38:59+00:00\",\"dateModified\":\"2025-07-04T16:56:43+00:00\",\"breadcrumb\":{\"@id\":\"https:\/\/istriobamba.edu.ec\/index.php\/aa-prueba\/#breadcrumb\"},\"inLanguage\":\"es\",\"potentialAction\":[{\"@type\":\"ReadAction\",\"target\":[\"https:\/\/istriobamba.edu.ec\/index.php\/aa-prueba\/\"]}]},{\"@type\":\"BreadcrumbList\",\"@id\":\"https:\/\/istriobamba.edu.ec\/index.php\/aa-prueba\/#breadcrumb\",\"itemListElement\":[{\"@type\":\"ListItem\",\"position\":1,\"name\":\"Home\",\"item\":\"https:\/\/istriobamba.edu.ec\/\"},{\"@type\":\"ListItem\",\"position\":2,\"name\":\"CAPACITACIONES 2025 IP\"}]}]}<\/script>\n<!-- \/ Yoast SEO plugin. -->","yoast_head_json":{"title":"CAPACITACIONES 2025 IP - INSTITUTO SUPERIOR TECNOL\u00d3GICO RIOBAMBA","robots":{"index":"index","follow":"follow","max-snippet":"max-snippet:-1","max-image-preview":"max-image-preview:large","max-video-preview":"max-video-preview:-1"},"canonical":"https:\/\/istriobamba.edu.ec\/index.php\/aa-prueba\/","og_locale":"es_ES","og_type":"article","og_title":"CAPACITACIONES 2025 IP - INSTITUTO SUPERIOR TECNOL\u00d3GICO RIOBAMBA","og_description":"Las capacitaciones en el Instituto Tecnol\u00f3gico Riobamba est\u00e1n dise\u00f1adas como espacios de formaci\u00f3n complementaria que fortalecen el perfil acad\u00e9mico y profesional de los estudiantes. Estas actividades buscan actualizar conocimientos, desarrollar habilidades pr\u00e1cticas y promover la aplicaci\u00f3n de saberes t\u00e9cnicos en contextos reales, de acuerdo con las demandas del entorno laboral y productivo. TURISMOSNAP COMO APORTE &hellip; Seguir leyendo \u00abCAPACITACIONES 2025 IP\u00bb","og_url":"https:\/\/istriobamba.edu.ec\/index.php\/aa-prueba\/","og_site_name":"INSTITUTO SUPERIOR TECNOL\u00d3GICO RIOBAMBA","article_modified_time":"2025-07-04T16:56:43+00:00","og_image":[{"url":"http:\/\/istriobamba.edu.ec\/wp-content\/uploads\/2025\/01\/CFISE-01.jpg"}],"twitter_card":"summary_large_image","twitter_misc":{"Est. reading time":"2 minutos"},"schema":{"@context":"https:\/\/schema.org","@graph":[{"@type":"Organization","@id":"https:\/\/istriobamba.edu.ec\/#organization","name":"INSTITUTO SUPERIOR TECNOL\u00d3GICO RIOBAMBA","url":"https:\/\/istriobamba.edu.ec\/","sameAs":[],"logo":{"@type":"ImageObject","inLanguage":"es","@id":"https:\/\/istriobamba.edu.ec\/#\/schema\/logo\/image\/","url":"https:\/\/istriobamba.edu.ec\/wp-content\/uploads\/2026\/01\/fav-icon-1.png","contentUrl":"https:\/\/istriobamba.edu.ec\/wp-content\/uploads\/2026\/01\/fav-icon-1.png","width":190,"height":190,"caption":"INSTITUTO SUPERIOR TECNOL\u00d3GICO RIOBAMBA"},"image":{"@id":"https:\/\/istriobamba.edu.ec\/#\/schema\/logo\/image\/"}},{"@type":"WebSite","@id":"https:\/\/istriobamba.edu.ec\/#website","url":"https:\/\/istriobamba.edu.ec\/","name":"INSTITUTO SUPERIOR TECNOL\u00d3GICO RIOBAMBA","description":"","publisher":{"@id":"https:\/\/istriobamba.edu.ec\/#organization"},"potentialAction":[{"@type":"SearchAction","target":{"@type":"EntryPoint","urlTemplate":"https:\/\/istriobamba.edu.ec\/?s={search_term_string}"},"query-input":"required name=search_term_string"}],"inLanguage":"es"},{"@type":"WebPage","@id":"https:\/\/istriobamba.edu.ec\/index.php\/aa-prueba\/","url":"https:\/\/istriobamba.edu.ec\/index.php\/aa-prueba\/","name":"CAPACITACIONES 2025 IP - INSTITUTO SUPERIOR TECNOL\u00d3GICO RIOBAMBA","isPartOf":{"@id":"https:\/\/istriobamba.edu.ec\/#website"},"datePublished":"2025-07-04T16:38:59+00:00","dateModified":"2025-07-04T16:56:43+00:00","breadcrumb":{"@id":"https:\/\/istriobamba.edu.ec\/index.php\/aa-prueba\/#breadcrumb"},"inLanguage":"es","potentialAction":[{"@type":"ReadAction","target":["https:\/\/istriobamba.edu.ec\/index.php\/aa-prueba\/"]}]},{"@type":"BreadcrumbList","@id":"https:\/\/istriobamba.edu.ec\/index.php\/aa-prueba\/#breadcrumb","itemListElement":[{"@type":"ListItem","position":1,"name":"Home","item":"https:\/\/istriobamba.edu.ec\/"},{"@type":"ListItem","position":2,"name":"CAPACITACIONES 2025 IP"}]}]}},"_links":{"self":[{"href":"https:\/\/istriobamba.edu.ec\/index.php\/wp-json\/wp\/v2\/pages\/5392"}],"collection":[{"href":"https:\/\/istriobamba.edu.ec\/index.php\/wp-json\/wp\/v2\/pages"}],"about":[{"href":"https:\/\/istriobamba.edu.ec\/index.php\/wp-json\/wp\/v2\/types\/page"}],"author":[{"embeddable":true,"href":"https:\/\/istriobamba.edu.ec\/index.php\/wp-json\/wp\/v2\/users\/1"}],"replies":[{"embeddable":true,"href":"https:\/\/istriobamba.edu.ec\/index.php\/wp-json\/wp\/v2\/comments?post=5392"}],"version-history":[{"count":10,"href":"https:\/\/istriobamba.edu.ec\/index.php\/wp-json\/wp\/v2\/pages\/5392\/revisions"}],"predecessor-version":[{"id":5440,"href":"https:\/\/istriobamba.edu.ec\/index.php\/wp-json\/wp\/v2\/pages\/5392\/revisions\/5440"}],"wp:attachment":[{"href":"https:\/\/istriobamba.edu.ec\/index.php\/wp-json\/wp\/v2\/media?parent=5392"}],"curies":[{"name":"wp","href":"https:\/\/api.w.org\/{rel}","templated":true}]}}