{"id":5264,"date":"2025-06-02T12:16:38","date_gmt":"2025-06-02T17:16:38","guid":{"rendered":"http:\/\/istriobamba.edu.ec\/?page_id=5264"},"modified":"2025-08-06T16:49:44","modified_gmt":"2025-08-06T21:49:44","slug":"occ-mtd","status":"publish","type":"page","link":"https:\/\/istriobamba.edu.ec\/index.php\/occ-mtd\/","title":{"rendered":"OCC-MTD"},"content":{"rendered":"\t\t<div data-elementor-type=\"wp-page\" data-elementor-id=\"5264\" class=\"elementor elementor-5264\">\n\t\t\t\t\t\t\t<div class=\"elementor-element elementor-element-37c3c1d e-con-boxed e-con\" data-id=\"37c3c1d\" data-element_type=\"container\" data-settings=\"{&quot;content_width&quot;:&quot;boxed&quot;}\">\n\t\t\t\t\t<div class=\"e-con-inner\">\n\t\t\t\t<div class=\"elementor-element elementor-element-0853af4 animated-slow elementor-invisible elementor-widget elementor-widget-image\" data-id=\"0853af4\" data-element_type=\"widget\" data-settings=\"{&quot;_animation&quot;:&quot;fadeIn&quot;}\" data-widget_type=\"image.default\">\n\t\t\t\t<div class=\"elementor-widget-container\">\n\t\t\t<style>\/*! elementor - v3.11.5 - 14-03-2023 *\/\n.elementor-widget-image{text-align:center}.elementor-widget-image a{display:inline-block}.elementor-widget-image a img[src$=\".svg\"]{width:48px}.elementor-widget-image img{vertical-align:middle;display:inline-block}<\/style>\t\t\t\t\t\t\t\t\t\t\t\t<img width=\"3508\" height=\"1242\" src=\"https:\/\/istriobamba.edu.ec\/wp-content\/uploads\/2025\/06\/OCC-01-01.jpg\" class=\"attachment-full size-full wp-image-5267\" alt=\"\" loading=\"lazy\" sizes=\"(max-width: 34.9rem) calc(100vw - 2rem), (max-width: 53rem) calc(8 * (100vw \/ 12)), (min-width: 53rem) calc(6 * (100vw \/ 12)), 100vw\" \/>\t\t\t\t\t\t\t\t\t\t\t\t\t\t\t<\/div>\n\t\t\t\t<\/div>\n\t\t\t\t\t<\/div>\n\t\t\t\t<\/div>\n\t\t<div class=\"elementor-element elementor-element-c103122 e-con-boxed e-con\" data-id=\"c103122\" data-element_type=\"container\" data-settings=\"{&quot;content_width&quot;:&quot;boxed&quot;}\">\n\t\t\t\t\t<div class=\"e-con-inner\">\n\t\t\t\t<div class=\"elementor-element elementor-element-167ebbb elementor-widget elementor-widget-heading\" data-id=\"167ebbb\" data-element_type=\"widget\" data-widget_type=\"heading.default\">\n\t\t\t\t<div class=\"elementor-widget-container\">\n\t\t\t<style>\/*! elementor - v3.11.5 - 14-03-2023 *\/\n.elementor-heading-title{padding:0;margin:0;line-height:1}.elementor-widget-heading .elementor-heading-title[class*=elementor-size-]>a{color:inherit;font-size:inherit;line-height:inherit}.elementor-widget-heading .elementor-heading-title.elementor-size-small{font-size:15px}.elementor-widget-heading .elementor-heading-title.elementor-size-medium{font-size:19px}.elementor-widget-heading .elementor-heading-title.elementor-size-large{font-size:29px}.elementor-widget-heading .elementor-heading-title.elementor-size-xl{font-size:39px}.elementor-widget-heading .elementor-heading-title.elementor-size-xxl{font-size:59px}<\/style><h1 class=\"elementor-heading-title elementor-size-default\">Certificaci\u00f3n<br><br>\n<\/h1>\t\t<\/div>\n\t\t\t\t<\/div>\n\t\t\t\t\t<\/div>\n\t\t\t\t<\/div>\n\t\t<div class=\"elementor-element elementor-element-fc4078c e-con-boxed e-con\" data-id=\"fc4078c\" data-element_type=\"container\" data-settings=\"{&quot;content_width&quot;:&quot;boxed&quot;}\">\n\t\t\t\t\t<div class=\"e-con-inner\">\n\t\t<div class=\"elementor-element elementor-element-49ea92e e-con-full e-con\" data-id=\"49ea92e\" data-element_type=\"container\" data-settings=\"{&quot;content_width&quot;:&quot;full&quot;}\">\n\t\t\t\t<div class=\"elementor-element elementor-element-f7994b5 elementor-widget elementor-widget-heading\" data-id=\"f7994b5\" data-element_type=\"widget\" data-widget_type=\"heading.default\">\n\t\t\t\t<div class=\"elementor-widget-container\">\n\t\t\t<h1 class=\"elementor-heading-title elementor-size-small\"><h1 class=\"elementor-heading-title elementor-size-default elementor-inline-editing pen\" data-elementor-setting-key=\"title\" data-pen-placeholder=\"Type Here...\" style=\"font-family: Roboto, sans-serif; font-weight: 600; color: rgb(28, 64, 99); text-align: justify;\">Es el proceso mediante el cual se valida formalmente las competencias laborales \u2014incluyendo conocimientos, habilidades y destrezas\u2014 adquiridas por los profesionales a trav\u00e9s de su experiencia pr\u00e1ctica, conforme a est\u00e1ndares previamente establecidos. Esta validaci\u00f3n es realizada por un Organismo Evaluador de la Conformidad acreditado por la SETEC, y su obtenci\u00f3n incide directamente en la mejora de la empleabilidad del talento humano, as\u00ed como en el incremento de la eficiencia y competitividad del aparato productivo nacional.<\/h1><\/h1>\t\t<\/div>\n\t\t\t\t<\/div>\n\t\t\t\t<\/div>\n\t\t<div class=\"elementor-element elementor-element-0ae9e57 e-con-full e-con\" data-id=\"0ae9e57\" data-element_type=\"container\" data-settings=\"{&quot;content_width&quot;:&quot;full&quot;}\">\n\t\t\t\t<div class=\"elementor-element elementor-element-5df255b elementor-widget elementor-widget-image\" data-id=\"5df255b\" data-element_type=\"widget\" data-widget_type=\"image.default\">\n\t\t\t\t<div class=\"elementor-widget-container\">\n\t\t\t\t\t\t\t\t\t\t\t\t\t\t\t<img width=\"640\" height=\"854\" src=\"https:\/\/istriobamba.edu.ec\/wp-content\/uploads\/2025\/08\/CFISE.jpg\" class=\"attachment-large size-large wp-image-5548\" alt=\"\" loading=\"lazy\" sizes=\"(max-width: 34.9rem) calc(100vw - 2rem), (max-width: 53rem) calc(8 * (100vw \/ 12)), (min-width: 53rem) calc(6 * (100vw \/ 12)), 100vw\" \/>\t\t\t\t\t\t\t\t\t\t\t\t\t\t\t<\/div>\n\t\t\t\t<\/div>\n\t\t\t\t<\/div>\n\t\t\t\t\t<\/div>\n\t\t\t\t<\/div>\n\t\t\t\t\t\t\t<\/div>\n\t\t","protected":false},"excerpt":{"rendered":"<p>Certificaci\u00f3n Es el proceso mediante el cual se valida formalmente las competencias laborales \u2014incluyendo conocimientos, habilidades y destrezas\u2014 adquiridas por los profesionales a trav\u00e9s de su experiencia pr\u00e1ctica, conforme a est\u00e1ndares previamente establecidos. Esta validaci\u00f3n es realizada por un Organismo Evaluador de la Conformidad acreditado por la SETEC, y su obtenci\u00f3n incide directamente en la &hellip; <\/p>\n<p class=\"link-more\"><a href=\"https:\/\/istriobamba.edu.ec\/index.php\/occ-mtd\/\" class=\"more-link\">Seguir leyendo<span class=\"screen-reader-text\"> \u00abOCC-MTD\u00bb<\/span><\/a><\/p>\n","protected":false},"author":1,"featured_media":0,"parent":0,"menu_order":0,"comment_status":"closed","ping_status":"closed","template":"elementor_header_footer","meta":[],"yoast_head":"<!-- This site is optimized with the Yoast SEO plugin v19.4 - https:\/\/yoast.com\/wordpress\/plugins\/seo\/ -->\n<title>OCC-MTD - INSTITUTO SUPERIOR TECNOL\u00d3GICO RIOBAMBA<\/title>\n<meta name=\"robots\" content=\"index, follow, max-snippet:-1, max-image-preview:large, max-video-preview:-1\" \/>\n<link rel=\"canonical\" href=\"https:\/\/istriobamba.edu.ec\/index.php\/occ-mtd\/\" \/>\n<meta property=\"og:locale\" content=\"es_ES\" \/>\n<meta property=\"og:type\" content=\"article\" \/>\n<meta property=\"og:title\" content=\"OCC-MTD - INSTITUTO SUPERIOR TECNOL\u00d3GICO RIOBAMBA\" \/>\n<meta property=\"og:description\" content=\"Certificaci\u00f3n Es el proceso mediante el cual se valida formalmente las competencias laborales \u2014incluyendo conocimientos, habilidades y destrezas\u2014 adquiridas por los profesionales a trav\u00e9s de su experiencia pr\u00e1ctica, conforme a est\u00e1ndares previamente establecidos. Esta validaci\u00f3n es realizada por un Organismo Evaluador de la Conformidad acreditado por la SETEC, y su obtenci\u00f3n incide directamente en la &hellip; Seguir leyendo \u00abOCC-MTD\u00bb\" \/>\n<meta property=\"og:url\" content=\"https:\/\/istriobamba.edu.ec\/index.php\/occ-mtd\/\" \/>\n<meta property=\"og:site_name\" content=\"INSTITUTO SUPERIOR TECNOL\u00d3GICO RIOBAMBA\" \/>\n<meta property=\"article:modified_time\" content=\"2025-08-06T21:49:44+00:00\" \/>\n<meta property=\"og:image\" content=\"http:\/\/istriobamba.edu.ec\/wp-content\/uploads\/2025\/06\/OCC-01-01.jpg\" \/>\n<meta name=\"twitter:card\" content=\"summary_large_image\" \/>\n<meta name=\"twitter:label1\" content=\"Est. reading time\" \/>\n\t<meta name=\"twitter:data1\" content=\"1 minuto\" \/>\n<script type=\"application\/ld+json\" class=\"yoast-schema-graph\">{\"@context\":\"https:\/\/schema.org\",\"@graph\":[{\"@type\":\"Organization\",\"@id\":\"https:\/\/istriobamba.edu.ec\/#organization\",\"name\":\"INSTITUTO SUPERIOR TECNOL\u00d3GICO RIOBAMBA\",\"url\":\"https:\/\/istriobamba.edu.ec\/\",\"sameAs\":[],\"logo\":{\"@type\":\"ImageObject\",\"inLanguage\":\"es\",\"@id\":\"https:\/\/istriobamba.edu.ec\/#\/schema\/logo\/image\/\",\"url\":\"https:\/\/istriobamba.edu.ec\/wp-content\/uploads\/2026\/01\/fav-icon-1.png\",\"contentUrl\":\"https:\/\/istriobamba.edu.ec\/wp-content\/uploads\/2026\/01\/fav-icon-1.png\",\"width\":190,\"height\":190,\"caption\":\"INSTITUTO SUPERIOR TECNOL\u00d3GICO RIOBAMBA\"},\"image\":{\"@id\":\"https:\/\/istriobamba.edu.ec\/#\/schema\/logo\/image\/\"}},{\"@type\":\"WebSite\",\"@id\":\"https:\/\/istriobamba.edu.ec\/#website\",\"url\":\"https:\/\/istriobamba.edu.ec\/\",\"name\":\"INSTITUTO SUPERIOR TECNOL\u00d3GICO RIOBAMBA\",\"description\":\"\",\"publisher\":{\"@id\":\"https:\/\/istriobamba.edu.ec\/#organization\"},\"potentialAction\":[{\"@type\":\"SearchAction\",\"target\":{\"@type\":\"EntryPoint\",\"urlTemplate\":\"https:\/\/istriobamba.edu.ec\/?s={search_term_string}\"},\"query-input\":\"required name=search_term_string\"}],\"inLanguage\":\"es\"},{\"@type\":\"WebPage\",\"@id\":\"https:\/\/istriobamba.edu.ec\/index.php\/occ-mtd\/\",\"url\":\"https:\/\/istriobamba.edu.ec\/index.php\/occ-mtd\/\",\"name\":\"OCC-MTD - INSTITUTO SUPERIOR TECNOL\u00d3GICO RIOBAMBA\",\"isPartOf\":{\"@id\":\"https:\/\/istriobamba.edu.ec\/#website\"},\"datePublished\":\"2025-06-02T17:16:38+00:00\",\"dateModified\":\"2025-08-06T21:49:44+00:00\",\"breadcrumb\":{\"@id\":\"https:\/\/istriobamba.edu.ec\/index.php\/occ-mtd\/#breadcrumb\"},\"inLanguage\":\"es\",\"potentialAction\":[{\"@type\":\"ReadAction\",\"target\":[\"https:\/\/istriobamba.edu.ec\/index.php\/occ-mtd\/\"]}]},{\"@type\":\"BreadcrumbList\",\"@id\":\"https:\/\/istriobamba.edu.ec\/index.php\/occ-mtd\/#breadcrumb\",\"itemListElement\":[{\"@type\":\"ListItem\",\"position\":1,\"name\":\"Home\",\"item\":\"https:\/\/istriobamba.edu.ec\/\"},{\"@type\":\"ListItem\",\"position\":2,\"name\":\"OCC-MTD\"}]}]}<\/script>\n<!-- \/ Yoast SEO plugin. -->","yoast_head_json":{"title":"OCC-MTD - INSTITUTO SUPERIOR TECNOL\u00d3GICO RIOBAMBA","robots":{"index":"index","follow":"follow","max-snippet":"max-snippet:-1","max-image-preview":"max-image-preview:large","max-video-preview":"max-video-preview:-1"},"canonical":"https:\/\/istriobamba.edu.ec\/index.php\/occ-mtd\/","og_locale":"es_ES","og_type":"article","og_title":"OCC-MTD - INSTITUTO SUPERIOR TECNOL\u00d3GICO RIOBAMBA","og_description":"Certificaci\u00f3n Es el proceso mediante el cual se valida formalmente las competencias laborales \u2014incluyendo conocimientos, habilidades y destrezas\u2014 adquiridas por los profesionales a trav\u00e9s de su experiencia pr\u00e1ctica, conforme a est\u00e1ndares previamente establecidos. Esta validaci\u00f3n es realizada por un Organismo Evaluador de la Conformidad acreditado por la SETEC, y su obtenci\u00f3n incide directamente en la &hellip; Seguir leyendo \u00abOCC-MTD\u00bb","og_url":"https:\/\/istriobamba.edu.ec\/index.php\/occ-mtd\/","og_site_name":"INSTITUTO SUPERIOR TECNOL\u00d3GICO RIOBAMBA","article_modified_time":"2025-08-06T21:49:44+00:00","og_image":[{"url":"http:\/\/istriobamba.edu.ec\/wp-content\/uploads\/2025\/06\/OCC-01-01.jpg"}],"twitter_card":"summary_large_image","twitter_misc":{"Est. reading time":"1 minuto"},"schema":{"@context":"https:\/\/schema.org","@graph":[{"@type":"Organization","@id":"https:\/\/istriobamba.edu.ec\/#organization","name":"INSTITUTO SUPERIOR TECNOL\u00d3GICO RIOBAMBA","url":"https:\/\/istriobamba.edu.ec\/","sameAs":[],"logo":{"@type":"ImageObject","inLanguage":"es","@id":"https:\/\/istriobamba.edu.ec\/#\/schema\/logo\/image\/","url":"https:\/\/istriobamba.edu.ec\/wp-content\/uploads\/2026\/01\/fav-icon-1.png","contentUrl":"https:\/\/istriobamba.edu.ec\/wp-content\/uploads\/2026\/01\/fav-icon-1.png","width":190,"height":190,"caption":"INSTITUTO SUPERIOR TECNOL\u00d3GICO RIOBAMBA"},"image":{"@id":"https:\/\/istriobamba.edu.ec\/#\/schema\/logo\/image\/"}},{"@type":"WebSite","@id":"https:\/\/istriobamba.edu.ec\/#website","url":"https:\/\/istriobamba.edu.ec\/","name":"INSTITUTO SUPERIOR TECNOL\u00d3GICO RIOBAMBA","description":"","publisher":{"@id":"https:\/\/istriobamba.edu.ec\/#organization"},"potentialAction":[{"@type":"SearchAction","target":{"@type":"EntryPoint","urlTemplate":"https:\/\/istriobamba.edu.ec\/?s={search_term_string}"},"query-input":"required name=search_term_string"}],"inLanguage":"es"},{"@type":"WebPage","@id":"https:\/\/istriobamba.edu.ec\/index.php\/occ-mtd\/","url":"https:\/\/istriobamba.edu.ec\/index.php\/occ-mtd\/","name":"OCC-MTD - INSTITUTO SUPERIOR TECNOL\u00d3GICO RIOBAMBA","isPartOf":{"@id":"https:\/\/istriobamba.edu.ec\/#website"},"datePublished":"2025-06-02T17:16:38+00:00","dateModified":"2025-08-06T21:49:44+00:00","breadcrumb":{"@id":"https:\/\/istriobamba.edu.ec\/index.php\/occ-mtd\/#breadcrumb"},"inLanguage":"es","potentialAction":[{"@type":"ReadAction","target":["https:\/\/istriobamba.edu.ec\/index.php\/occ-mtd\/"]}]},{"@type":"BreadcrumbList","@id":"https:\/\/istriobamba.edu.ec\/index.php\/occ-mtd\/#breadcrumb","itemListElement":[{"@type":"ListItem","position":1,"name":"Home","item":"https:\/\/istriobamba.edu.ec\/"},{"@type":"ListItem","position":2,"name":"OCC-MTD"}]}]}},"_links":{"self":[{"href":"https:\/\/istriobamba.edu.ec\/index.php\/wp-json\/wp\/v2\/pages\/5264"}],"collection":[{"href":"https:\/\/istriobamba.edu.ec\/index.php\/wp-json\/wp\/v2\/pages"}],"about":[{"href":"https:\/\/istriobamba.edu.ec\/index.php\/wp-json\/wp\/v2\/types\/page"}],"author":[{"embeddable":true,"href":"https:\/\/istriobamba.edu.ec\/index.php\/wp-json\/wp\/v2\/users\/1"}],"replies":[{"embeddable":true,"href":"https:\/\/istriobamba.edu.ec\/index.php\/wp-json\/wp\/v2\/comments?post=5264"}],"version-history":[{"count":58,"href":"https:\/\/istriobamba.edu.ec\/index.php\/wp-json\/wp\/v2\/pages\/5264\/revisions"}],"predecessor-version":[{"id":5555,"href":"https:\/\/istriobamba.edu.ec\/index.php\/wp-json\/wp\/v2\/pages\/5264\/revisions\/5555"}],"wp:attachment":[{"href":"https:\/\/istriobamba.edu.ec\/index.php\/wp-json\/wp\/v2\/media?parent=5264"}],"curies":[{"name":"wp","href":"https:\/\/api.w.org\/{rel}","templated":true}]}}