{"id":3186,"date":"2023-05-22T14:17:13","date_gmt":"2023-05-22T19:17:13","guid":{"rendered":"http:\/\/istriobamba.edu.ec\/?page_id=3186"},"modified":"2026-01-28T12:59:40","modified_gmt":"2026-01-28T17:59:40","slug":"educacion-ambiental","status":"publish","type":"page","link":"https:\/\/istriobamba.edu.ec\/index.php\/educacion-ambiental\/","title":{"rendered":"Educaci\u00f3n Ambiental"},"content":{"rendered":"\t\t<div data-elementor-type=\"wp-page\" data-elementor-id=\"3186\" class=\"elementor elementor-3186\">\n\t\t\t\t\t\t\t\t\t<section class=\"elementor-section elementor-top-section elementor-element elementor-element-44a60fb elementor-section-boxed elementor-section-height-default elementor-section-height-default\" data-id=\"44a60fb\" data-element_type=\"section\">\n\t\t\t\t\t\t<div class=\"elementor-container elementor-column-gap-default\">\n\t\t\t\t\t<div class=\"elementor-column elementor-col-100 elementor-top-column elementor-element elementor-element-0d5373a\" data-id=\"0d5373a\" data-element_type=\"column\">\n\t\t\t<div class=\"elementor-widget-wrap elementor-element-populated\">\n\t\t\t\t\t\t\t\t<div class=\"elementor-element elementor-element-6d2655f elementor-widget elementor-widget-spacer\" data-id=\"6d2655f\" data-element_type=\"widget\" data-widget_type=\"spacer.default\">\n\t\t\t\t<div class=\"elementor-widget-container\">\n\t\t\t<style>\/*! elementor - v3.11.5 - 14-03-2023 *\/\n.elementor-column .elementor-spacer-inner{height:var(--spacer-size)}.e-con{--container-widget-width:100%}.e-con-inner>.elementor-widget-spacer,.e-con>.elementor-widget-spacer{width:var(--container-widget-width,var(--spacer-size));--align-self:var(--container-widget-align-self,initial);--flex-shrink:0}.e-con-inner>.elementor-widget-spacer>.elementor-widget-container,.e-con-inner>.elementor-widget-spacer>.elementor-widget-container>.elementor-spacer,.e-con>.elementor-widget-spacer>.elementor-widget-container,.e-con>.elementor-widget-spacer>.elementor-widget-container>.elementor-spacer{height:100%}.e-con-inner>.elementor-widget-spacer>.elementor-widget-container>.elementor-spacer>.elementor-spacer-inner,.e-con>.elementor-widget-spacer>.elementor-widget-container>.elementor-spacer>.elementor-spacer-inner{height:var(--container-widget-height,var(--spacer-size))}<\/style>\t\t<div class=\"elementor-spacer\">\n\t\t\t<div class=\"elementor-spacer-inner\"><\/div>\n\t\t<\/div>\n\t\t\t\t<\/div>\n\t\t\t\t<\/div>\n\t\t\t\t\t<\/div>\n\t\t<\/div>\n\t\t\t\t\t\t\t<\/div>\n\t\t<\/section>\n\t\t\t\t<section class=\"elementor-section elementor-top-section elementor-element elementor-element-33190bf elementor-section-full_width elementor-section-height-default elementor-section-height-default\" data-id=\"33190bf\" data-element_type=\"section\" data-settings=\"{&quot;background_background&quot;:&quot;classic&quot;}\">\n\t\t\t\t\t\t<div class=\"elementor-container elementor-column-gap-default\">\n\t\t\t\t\t<div class=\"elementor-column elementor-col-100 elementor-top-column elementor-element elementor-element-47b1871\" data-id=\"47b1871\" data-element_type=\"column\">\n\t\t\t<div class=\"elementor-widget-wrap elementor-element-populated\">\n\t\t\t\t\t\t\t\t<div class=\"elementor-element elementor-element-b298088 elementor-widget elementor-widget-text-editor\" data-id=\"b298088\" data-element_type=\"widget\" data-widget_type=\"text-editor.default\">\n\t\t\t\t<div class=\"elementor-widget-container\">\n\t\t\t<style>\/*! elementor - v3.11.5 - 14-03-2023 *\/\n.elementor-widget-text-editor.elementor-drop-cap-view-stacked .elementor-drop-cap{background-color:#818a91;color:#fff}.elementor-widget-text-editor.elementor-drop-cap-view-framed .elementor-drop-cap{color:#818a91;border:3px solid;background-color:transparent}.elementor-widget-text-editor:not(.elementor-drop-cap-view-default) .elementor-drop-cap{margin-top:8px}.elementor-widget-text-editor:not(.elementor-drop-cap-view-default) .elementor-drop-cap-letter{width:1em;height:1em}.elementor-widget-text-editor .elementor-drop-cap{float:left;text-align:center;line-height:1;font-size:50px}.elementor-widget-text-editor .elementor-drop-cap-letter{display:inline-block}<\/style>\t\t\t\t<p>Educaci\u00f3n Ambiental<\/p>\t\t\t\t\t\t<\/div>\n\t\t\t\t<\/div>\n\t\t\t\t\t<\/div>\n\t\t<\/div>\n\t\t\t\t\t\t\t<\/div>\n\t\t<\/section>\n\t\t\t\t<section class=\"elementor-section elementor-top-section elementor-element elementor-element-a903456 elementor-section-boxed elementor-section-height-default elementor-section-height-default\" data-id=\"a903456\" data-element_type=\"section\">\n\t\t\t\t\t\t<div class=\"elementor-container elementor-column-gap-default\">\n\t\t\t\t\t<div class=\"elementor-column elementor-col-100 elementor-top-column elementor-element elementor-element-f613ea3\" data-id=\"f613ea3\" data-element_type=\"column\">\n\t\t\t<div class=\"elementor-widget-wrap elementor-element-populated\">\n\t\t\t\t\t\t\t\t<div class=\"elementor-element elementor-element-13b9469 elementor-widget elementor-widget-spacer\" data-id=\"13b9469\" data-element_type=\"widget\" data-widget_type=\"spacer.default\">\n\t\t\t\t<div class=\"elementor-widget-container\">\n\t\t\t\t\t<div class=\"elementor-spacer\">\n\t\t\t<div class=\"elementor-spacer-inner\"><\/div>\n\t\t<\/div>\n\t\t\t\t<\/div>\n\t\t\t\t<\/div>\n\t\t\t\t<div class=\"elementor-element elementor-element-b2ef4ff elementor-invisible elementor-widget elementor-widget-image\" data-id=\"b2ef4ff\" data-element_type=\"widget\" data-settings=\"{&quot;_animation&quot;:&quot;tada&quot;,&quot;_animation_delay&quot;:10}\" data-widget_type=\"image.default\">\n\t\t\t\t<div class=\"elementor-widget-container\">\n\t\t\t<style>\/*! elementor - v3.11.5 - 14-03-2023 *\/\n.elementor-widget-image{text-align:center}.elementor-widget-image a{display:inline-block}.elementor-widget-image a img[src$=\".svg\"]{width:48px}.elementor-widget-image img{vertical-align:middle;display:inline-block}<\/style>\t\t\t\t\t\t\t\t\t\t\t\t<img width=\"842\" height=\"298\" src=\"https:\/\/istriobamba.edu.ec\/wp-content\/uploads\/2025\/02\/GRADUADOS-1-1.jpg\" class=\"attachment-full size-full wp-image-5103\" alt=\"\" loading=\"lazy\" sizes=\"(max-width: 34.9rem) calc(100vw - 2rem), (max-width: 53rem) calc(8 * (100vw \/ 12)), (min-width: 53rem) calc(6 * (100vw \/ 12)), 100vw\" \/>\t\t\t\t\t\t\t\t\t\t\t\t\t\t\t<\/div>\n\t\t\t\t<\/div>\n\t\t\t\t\t<\/div>\n\t\t<\/div>\n\t\t\t\t\t\t\t<\/div>\n\t\t<\/section>\n\t\t<div class=\"elementor-element elementor-element-9c5d3c6 e-con-boxed e-con\" data-id=\"9c5d3c6\" data-element_type=\"container\" data-settings=\"{&quot;content_width&quot;:&quot;boxed&quot;}\">\n\t\t\t\t\t<div class=\"e-con-inner\">\n\t\t\t\t<div class=\"elementor-element elementor-element-a3784f7 elementor-widget elementor-widget-heading\" data-id=\"a3784f7\" data-element_type=\"widget\" data-widget_type=\"heading.default\">\n\t\t\t\t<div class=\"elementor-widget-container\">\n\t\t\t<style>\/*! elementor - v3.11.5 - 14-03-2023 *\/\n.elementor-heading-title{padding:0;margin:0;line-height:1}.elementor-widget-heading .elementor-heading-title[class*=elementor-size-]>a{color:inherit;font-size:inherit;line-height:inherit}.elementor-widget-heading .elementor-heading-title.elementor-size-small{font-size:15px}.elementor-widget-heading .elementor-heading-title.elementor-size-medium{font-size:19px}.elementor-widget-heading .elementor-heading-title.elementor-size-large{font-size:29px}.elementor-widget-heading .elementor-heading-title.elementor-size-xl{font-size:39px}.elementor-widget-heading .elementor-heading-title.elementor-size-xxl{font-size:59px}<\/style><h2 class=\"elementor-heading-title elementor-size-default\">\u00bfSab\u00edas que tus acciones diarias tienen el poder de transformar nuestro entorno? Aqu\u00ed encontrar\u00e1s toda la informaci\u00f3n que necesitas para entender los retos ambientales actuales y, lo m\u00e1s importante, c\u00f3mo puedes ser parte de la soluci\u00f3n.<br><br>\n\nDescubre datos cient\u00edficos actualizados sobre el estado de nuestro planeta, gu\u00edas pr\u00e1cticas para una vida m\u00e1s sostenible y estrategias efectivas para reducir tu huella ecol\u00f3gica. Desde consejos para el ahorro energ\u00e9tico hasta t\u00e9cnicas de reciclaje inteligente, te proporcionamos las herramientas para hacer cambios reales en tu d\u00eda a d\u00eda. <br><br>\n\nPorque cuidar el medio ambiente no tiene por qu\u00e9 ser complicado \u2013 peque\u00f1as acciones, grandes impactos. <br><br>\n\nExplora, aprende y act\u00faa. El futuro est\u00e1 en tus manos.<\/h2>\t\t<\/div>\n\t\t\t\t<\/div>\n\t\t\t\t\t<\/div>\n\t\t\t\t<\/div>\n\t\t<div class=\"elementor-element elementor-element-98ec1fa e-con-boxed e-con\" data-id=\"98ec1fa\" data-element_type=\"container\" data-settings=\"{&quot;content_width&quot;:&quot;boxed&quot;}\">\n\t\t\t\t\t<div class=\"e-con-inner\">\n\t\t<div class=\"elementor-element elementor-element-733d2ef e-con-boxed e-con\" data-id=\"733d2ef\" data-element_type=\"container\" data-settings=\"{&quot;content_width&quot;:&quot;boxed&quot;}\">\n\t\t\t\t\t<div class=\"e-con-inner\">\n\t\t\t\t\t<\/div>\n\t\t\t\t<\/div>\n\t\t\t\t\t<\/div>\n\t\t\t\t<\/div>\n\t\t<div class=\"elementor-element elementor-element-7a41bdb e-con-boxed e-con\" data-id=\"7a41bdb\" data-element_type=\"container\" data-settings=\"{&quot;content_width&quot;:&quot;boxed&quot;}\">\n\t\t\t\t\t<div class=\"e-con-inner\">\n\t\t<div class=\"elementor-element elementor-element-1ee4b4e e-con-full e-con\" data-id=\"1ee4b4e\" data-element_type=\"container\" data-settings=\"{&quot;content_width&quot;:&quot;full&quot;}\">\n\t\t\t\t<div class=\"elementor-element elementor-element-6cb8d1a elementor-invisible elementor-widget elementor-widget-image\" data-id=\"6cb8d1a\" data-element_type=\"widget\" data-settings=\"{&quot;sticky&quot;:&quot;top&quot;,&quot;_animation&quot;:&quot;bounceIn&quot;,&quot;sticky_on&quot;:[&quot;desktop&quot;,&quot;tablet&quot;,&quot;mobile&quot;],&quot;sticky_offset&quot;:0,&quot;sticky_effects_offset&quot;:0}\" data-widget_type=\"image.default\">\n\t\t\t\t<div class=\"elementor-widget-container\">\n\t\t\t\t\t\t\t\t\t\t\t\t\t\t\t\t<a href=\"http:\/\/istriobamba.edu.ec\/wp-content\/uploads\/2025\/02\/Folleto_buenas_practicas_ambientales.pdf\" target=\"_blank\">\n\t\t\t\t\t\t\t<img width=\"150\" height=\"150\" src=\"https:\/\/istriobamba.edu.ec\/wp-content\/uploads\/2025\/02\/sustainability_10752729.png\" class=\"attachment-thumbnail size-thumbnail wp-image-5107\" alt=\"\" loading=\"lazy\" sizes=\"(max-width: 34.9rem) calc(100vw - 2rem), (max-width: 53rem) calc(8 * (100vw \/ 12)), (min-width: 53rem) calc(6 * (100vw \/ 12)), 100vw\" \/>\t\t\t\t\t\t\t\t<\/a>\n\t\t\t\t\t\t\t\t\t\t\t\t\t\t\t<\/div>\n\t\t\t\t<\/div>\n\t\t\t\t<\/div>\n\t\t<div class=\"elementor-element elementor-element-a667b18 e-con-full e-con\" data-id=\"a667b18\" data-element_type=\"container\" data-settings=\"{&quot;content_width&quot;:&quot;full&quot;}\">\n\t\t\t\t<div class=\"elementor-element elementor-element-3285d10 elementor-invisible elementor-widget elementor-widget-image\" data-id=\"3285d10\" data-element_type=\"widget\" data-settings=\"{&quot;_animation&quot;:&quot;bounceIn&quot;}\" data-widget_type=\"image.default\">\n\t\t\t\t<div class=\"elementor-widget-container\">\n\t\t\t\t\t\t\t\t\t\t\t\t\t\t\t\t<a href=\"http:\/\/istriobamba.edu.ec\/wp-content\/uploads\/2025\/02\/Reduce_consumo_energ%C3%A9tico.pdf\">\n\t\t\t\t\t\t\t<img width=\"150\" height=\"150\" src=\"https:\/\/istriobamba.edu.ec\/wp-content\/uploads\/2025\/02\/dial_6629525.png\" class=\"attachment-thumbnail size-thumbnail wp-image-5114\" alt=\"\" loading=\"lazy\" sizes=\"(max-width: 34.9rem) calc(100vw - 2rem), (max-width: 53rem) calc(8 * (100vw \/ 12)), (min-width: 53rem) calc(6 * (100vw \/ 12)), 100vw\" \/>\t\t\t\t\t\t\t\t<\/a>\n\t\t\t\t\t\t\t\t\t\t\t\t\t\t\t<\/div>\n\t\t\t\t<\/div>\n\t\t\t\t<\/div>\n\t\t<div class=\"elementor-element elementor-element-9e30bc4 e-con-full e-con\" data-id=\"9e30bc4\" data-element_type=\"container\" data-settings=\"{&quot;content_width&quot;:&quot;full&quot;}\">\n\t\t\t\t<div class=\"elementor-element elementor-element-516a260 elementor-invisible elementor-widget elementor-widget-image\" data-id=\"516a260\" data-element_type=\"widget\" data-settings=\"{&quot;_animation&quot;:&quot;bounceIn&quot;}\" data-widget_type=\"image.default\">\n\t\t\t\t<div class=\"elementor-widget-container\">\n\t\t\t\t\t\t\t\t\t\t\t\t\t\t\t\t<a href=\"http:\/\/istriobamba.edu.ec\/wp-content\/uploads\/2025\/02\/Campa%C3%B1a_reduce_el_papel.pdf\">\n\t\t\t\t\t\t\t<img width=\"150\" height=\"150\" src=\"https:\/\/istriobamba.edu.ec\/wp-content\/uploads\/2025\/02\/paper_3520864.png\" class=\"attachment-thumbnail size-thumbnail wp-image-5118\" alt=\"\" loading=\"lazy\" sizes=\"(max-width: 34.9rem) calc(100vw - 2rem), (max-width: 53rem) calc(8 * (100vw \/ 12)), (min-width: 53rem) calc(6 * (100vw \/ 12)), 100vw\" \/>\t\t\t\t\t\t\t\t<\/a>\n\t\t\t\t\t\t\t\t\t\t\t\t\t\t\t<\/div>\n\t\t\t\t<\/div>\n\t\t\t\t<\/div>\n\t\t<div class=\"elementor-element elementor-element-6153d8b e-con-full e-con\" data-id=\"6153d8b\" data-element_type=\"container\" data-settings=\"{&quot;content_width&quot;:&quot;full&quot;}\">\n\t\t\t\t<div class=\"elementor-element elementor-element-804f610 elementor-invisible elementor-widget elementor-widget-heading\" data-id=\"804f610\" data-element_type=\"widget\" data-settings=\"{&quot;_animation&quot;:&quot;bounceIn&quot;}\" data-widget_type=\"heading.default\">\n\t\t\t\t<div class=\"elementor-widget-container\">\n\t\t\t<h2 class=\"elementor-heading-title elementor-size-default\">Manual de buenas pr\u00e1cticas ambientales<\/h2>\t\t<\/div>\n\t\t\t\t<\/div>\n\t\t\t\t<\/div>\n\t\t<div class=\"elementor-element elementor-element-15b7d9d e-con-full e-con\" data-id=\"15b7d9d\" data-element_type=\"container\" data-settings=\"{&quot;content_width&quot;:&quot;full&quot;}\">\n\t\t\t\t<div class=\"elementor-element elementor-element-4a5a9a1 elementor-invisible elementor-widget elementor-widget-heading\" data-id=\"4a5a9a1\" data-element_type=\"widget\" data-settings=\"{&quot;_animation&quot;:&quot;bounceIn&quot;}\" data-widget_type=\"heading.default\">\n\t\t\t\t<div class=\"elementor-widget-container\">\n\t\t\t<h2 class=\"elementor-heading-title elementor-size-default\">Consumo energ\u00eda el\u00e9ctrica<\/h2>\t\t<\/div>\n\t\t\t\t<\/div>\n\t\t\t\t<\/div>\n\t\t<div class=\"elementor-element elementor-element-81230fe e-con-full e-con\" data-id=\"81230fe\" data-element_type=\"container\" data-settings=\"{&quot;content_width&quot;:&quot;full&quot;}\">\n\t\t\t\t<div class=\"elementor-element elementor-element-486968c elementor-invisible elementor-widget elementor-widget-heading\" data-id=\"486968c\" data-element_type=\"widget\" data-settings=\"{&quot;_animation&quot;:&quot;bounceIn&quot;}\" data-widget_type=\"heading.default\">\n\t\t\t\t<div class=\"elementor-widget-container\">\n\t\t\t<h2 class=\"elementor-heading-title elementor-size-default\">Campa\u00f1a reducci\u00f3n de papel<\/h2>\t\t<\/div>\n\t\t\t\t<\/div>\n\t\t\t\t<\/div>\n\t\t\t\t\t<\/div>\n\t\t\t\t<\/div>\n\t\t<div class=\"elementor-element elementor-element-6e7796d e-con-boxed e-con\" data-id=\"6e7796d\" data-element_type=\"container\" data-settings=\"{&quot;content_width&quot;:&quot;boxed&quot;}\">\n\t\t\t\t\t<div class=\"e-con-inner\">\n\t\t<div class=\"elementor-element elementor-element-7f150d2 e-con-full e-con\" data-id=\"7f150d2\" data-element_type=\"container\" data-settings=\"{&quot;content_width&quot;:&quot;full&quot;}\">\n\t\t\t\t<\/div>\n\t\t<div class=\"elementor-element elementor-element-d624729 e-con-full e-con\" data-id=\"d624729\" data-element_type=\"container\" data-settings=\"{&quot;content_width&quot;:&quot;full&quot;}\">\n\t\t\t\t<div class=\"elementor-element elementor-element-a0287cb elementor-invisible elementor-widget elementor-widget-image\" data-id=\"a0287cb\" data-element_type=\"widget\" data-settings=\"{&quot;_animation&quot;:&quot;bounceIn&quot;}\" data-widget_type=\"image.default\">\n\t\t\t\t<div class=\"elementor-widget-container\">\n\t\t\t\t\t\t\t\t\t\t\t\t\t\t\t\t<a href=\"http:\/\/istriobamba.edu.ec\/wp-content\/uploads\/2025\/02\/CERTIFICADO%20LIBRE%20DE%20HUMO.pdf\">\n\t\t\t\t\t\t\t<img width=\"150\" height=\"150\" src=\"https:\/\/istriobamba.edu.ec\/wp-content\/uploads\/2025\/02\/certificate_15185924.png\" class=\"attachment-thumbnail size-thumbnail wp-image-5179\" alt=\"\" loading=\"lazy\" sizes=\"(max-width: 34.9rem) calc(100vw - 2rem), (max-width: 53rem) calc(8 * (100vw \/ 12)), (min-width: 53rem) calc(6 * (100vw \/ 12)), 100vw\" \/>\t\t\t\t\t\t\t\t<\/a>\n\t\t\t\t\t\t\t\t\t\t\t\t\t\t\t<\/div>\n\t\t\t\t<\/div>\n\t\t\t\t<\/div>\n\t\t<div class=\"elementor-element elementor-element-25a72ba e-con-full e-con\" data-id=\"25a72ba\" data-element_type=\"container\" data-settings=\"{&quot;content_width&quot;:&quot;full&quot;}\">\n\t\t\t\t<\/div>\n\t\t<div class=\"elementor-element elementor-element-0e64fc1 e-con-full e-con\" data-id=\"0e64fc1\" data-element_type=\"container\" data-settings=\"{&quot;content_width&quot;:&quot;full&quot;}\">\n\t\t\t\t<\/div>\n\t\t<div class=\"elementor-element elementor-element-2c41b39 e-con-full e-con\" data-id=\"2c41b39\" data-element_type=\"container\" data-settings=\"{&quot;content_width&quot;:&quot;full&quot;}\">\n\t\t\t\t<div class=\"elementor-element elementor-element-5d07093 elementor-invisible elementor-widget elementor-widget-heading\" data-id=\"5d07093\" data-element_type=\"widget\" data-settings=\"{&quot;_animation&quot;:&quot;bounceIn&quot;}\" data-widget_type=\"heading.default\">\n\t\t\t\t<div class=\"elementor-widget-container\">\n\t\t\t<h2 class=\"elementor-heading-title elementor-size-default\">Certificado Instituto Libre de Humo<\/h2>\t\t<\/div>\n\t\t\t\t<\/div>\n\t\t\t\t<\/div>\n\t\t<div class=\"elementor-element elementor-element-b261038 e-con-full e-con\" data-id=\"b261038\" data-element_type=\"container\" data-settings=\"{&quot;content_width&quot;:&quot;full&quot;}\">\n\t\t\t\t<\/div>\n\t\t\t\t\t<\/div>\n\t\t\t\t<\/div>\n\t\t\t\t\t\t\t<\/div>\n\t\t","protected":false},"excerpt":{"rendered":"<p>Educaci\u00f3n Ambiental \u00bfSab\u00edas que tus acciones diarias tienen el poder de transformar nuestro entorno? Aqu\u00ed encontrar\u00e1s toda la informaci\u00f3n que necesitas para entender los retos ambientales actuales y, lo m\u00e1s importante, c\u00f3mo puedes ser parte de la soluci\u00f3n. Descubre datos cient\u00edficos actualizados sobre el estado de nuestro planeta, gu\u00edas pr\u00e1cticas para una vida m\u00e1s sostenible &hellip; <\/p>\n<p class=\"link-more\"><a href=\"https:\/\/istriobamba.edu.ec\/index.php\/educacion-ambiental\/\" class=\"more-link\">Seguir leyendo<span class=\"screen-reader-text\"> \u00abEducaci\u00f3n Ambiental\u00bb<\/span><\/a><\/p>\n","protected":false},"author":1,"featured_media":0,"parent":0,"menu_order":0,"comment_status":"closed","ping_status":"closed","template":"elementor_header_footer","meta":[],"yoast_head":"<!-- This site is optimized with the Yoast SEO plugin v19.4 - https:\/\/yoast.com\/wordpress\/plugins\/seo\/ -->\n<title>Educaci\u00f3n Ambiental - INSTITUTO SUPERIOR TECNOL\u00d3GICO RIOBAMBA<\/title>\n<meta name=\"robots\" content=\"index, follow, max-snippet:-1, max-image-preview:large, max-video-preview:-1\" \/>\n<link rel=\"canonical\" href=\"https:\/\/istriobamba.edu.ec\/index.php\/educacion-ambiental\/\" \/>\n<meta property=\"og:locale\" content=\"es_ES\" \/>\n<meta property=\"og:type\" content=\"article\" \/>\n<meta property=\"og:title\" content=\"Educaci\u00f3n Ambiental - INSTITUTO SUPERIOR TECNOL\u00d3GICO RIOBAMBA\" \/>\n<meta property=\"og:description\" content=\"Educaci\u00f3n Ambiental \u00bfSab\u00edas que tus acciones diarias tienen el poder de transformar nuestro entorno? Aqu\u00ed encontrar\u00e1s toda la informaci\u00f3n que necesitas para entender los retos ambientales actuales y, lo m\u00e1s importante, c\u00f3mo puedes ser parte de la soluci\u00f3n. Descubre datos cient\u00edficos actualizados sobre el estado de nuestro planeta, gu\u00edas pr\u00e1cticas para una vida m\u00e1s sostenible &hellip; Seguir leyendo \u00abEducaci\u00f3n Ambiental\u00bb\" \/>\n<meta property=\"og:url\" content=\"https:\/\/istriobamba.edu.ec\/index.php\/educacion-ambiental\/\" \/>\n<meta property=\"og:site_name\" content=\"INSTITUTO SUPERIOR TECNOL\u00d3GICO RIOBAMBA\" \/>\n<meta property=\"article:modified_time\" content=\"2026-01-28T17:59:40+00:00\" \/>\n<meta property=\"og:image\" content=\"http:\/\/istriobamba.edu.ec\/wp-content\/uploads\/2025\/02\/GRADUADOS-1-1.jpg\" \/>\n<meta name=\"twitter:card\" content=\"summary_large_image\" \/>\n<meta name=\"twitter:label1\" content=\"Est. reading time\" \/>\n\t<meta name=\"twitter:data1\" content=\"2 minutos\" \/>\n<script type=\"application\/ld+json\" class=\"yoast-schema-graph\">{\"@context\":\"https:\/\/schema.org\",\"@graph\":[{\"@type\":\"Organization\",\"@id\":\"https:\/\/istriobamba.edu.ec\/#organization\",\"name\":\"INSTITUTO SUPERIOR TECNOL\u00d3GICO RIOBAMBA\",\"url\":\"https:\/\/istriobamba.edu.ec\/\",\"sameAs\":[],\"logo\":{\"@type\":\"ImageObject\",\"inLanguage\":\"es\",\"@id\":\"https:\/\/istriobamba.edu.ec\/#\/schema\/logo\/image\/\",\"url\":\"https:\/\/istriobamba.edu.ec\/wp-content\/uploads\/2026\/01\/fav-icon-1.png\",\"contentUrl\":\"https:\/\/istriobamba.edu.ec\/wp-content\/uploads\/2026\/01\/fav-icon-1.png\",\"width\":190,\"height\":190,\"caption\":\"INSTITUTO SUPERIOR TECNOL\u00d3GICO RIOBAMBA\"},\"image\":{\"@id\":\"https:\/\/istriobamba.edu.ec\/#\/schema\/logo\/image\/\"}},{\"@type\":\"WebSite\",\"@id\":\"https:\/\/istriobamba.edu.ec\/#website\",\"url\":\"https:\/\/istriobamba.edu.ec\/\",\"name\":\"INSTITUTO SUPERIOR TECNOL\u00d3GICO RIOBAMBA\",\"description\":\"\",\"publisher\":{\"@id\":\"https:\/\/istriobamba.edu.ec\/#organization\"},\"potentialAction\":[{\"@type\":\"SearchAction\",\"target\":{\"@type\":\"EntryPoint\",\"urlTemplate\":\"https:\/\/istriobamba.edu.ec\/?s={search_term_string}\"},\"query-input\":\"required name=search_term_string\"}],\"inLanguage\":\"es\"},{\"@type\":\"WebPage\",\"@id\":\"https:\/\/istriobamba.edu.ec\/index.php\/educacion-ambiental\/\",\"url\":\"https:\/\/istriobamba.edu.ec\/index.php\/educacion-ambiental\/\",\"name\":\"Educaci\u00f3n Ambiental - INSTITUTO SUPERIOR TECNOL\u00d3GICO RIOBAMBA\",\"isPartOf\":{\"@id\":\"https:\/\/istriobamba.edu.ec\/#website\"},\"datePublished\":\"2023-05-22T19:17:13+00:00\",\"dateModified\":\"2026-01-28T17:59:40+00:00\",\"breadcrumb\":{\"@id\":\"https:\/\/istriobamba.edu.ec\/index.php\/educacion-ambiental\/#breadcrumb\"},\"inLanguage\":\"es\",\"potentialAction\":[{\"@type\":\"ReadAction\",\"target\":[\"https:\/\/istriobamba.edu.ec\/index.php\/educacion-ambiental\/\"]}]},{\"@type\":\"BreadcrumbList\",\"@id\":\"https:\/\/istriobamba.edu.ec\/index.php\/educacion-ambiental\/#breadcrumb\",\"itemListElement\":[{\"@type\":\"ListItem\",\"position\":1,\"name\":\"Home\",\"item\":\"https:\/\/istriobamba.edu.ec\/\"},{\"@type\":\"ListItem\",\"position\":2,\"name\":\"Educaci\u00f3n Ambiental\"}]}]}<\/script>\n<!-- \/ Yoast SEO plugin. -->","yoast_head_json":{"title":"Educaci\u00f3n Ambiental - INSTITUTO SUPERIOR TECNOL\u00d3GICO RIOBAMBA","robots":{"index":"index","follow":"follow","max-snippet":"max-snippet:-1","max-image-preview":"max-image-preview:large","max-video-preview":"max-video-preview:-1"},"canonical":"https:\/\/istriobamba.edu.ec\/index.php\/educacion-ambiental\/","og_locale":"es_ES","og_type":"article","og_title":"Educaci\u00f3n Ambiental - INSTITUTO SUPERIOR TECNOL\u00d3GICO RIOBAMBA","og_description":"Educaci\u00f3n Ambiental \u00bfSab\u00edas que tus acciones diarias tienen el poder de transformar nuestro entorno? Aqu\u00ed encontrar\u00e1s toda la informaci\u00f3n que necesitas para entender los retos ambientales actuales y, lo m\u00e1s importante, c\u00f3mo puedes ser parte de la soluci\u00f3n. Descubre datos cient\u00edficos actualizados sobre el estado de nuestro planeta, gu\u00edas pr\u00e1cticas para una vida m\u00e1s sostenible &hellip; Seguir leyendo \u00abEducaci\u00f3n Ambiental\u00bb","og_url":"https:\/\/istriobamba.edu.ec\/index.php\/educacion-ambiental\/","og_site_name":"INSTITUTO SUPERIOR TECNOL\u00d3GICO RIOBAMBA","article_modified_time":"2026-01-28T17:59:40+00:00","og_image":[{"url":"http:\/\/istriobamba.edu.ec\/wp-content\/uploads\/2025\/02\/GRADUADOS-1-1.jpg"}],"twitter_card":"summary_large_image","twitter_misc":{"Est. reading time":"2 minutos"},"schema":{"@context":"https:\/\/schema.org","@graph":[{"@type":"Organization","@id":"https:\/\/istriobamba.edu.ec\/#organization","name":"INSTITUTO SUPERIOR TECNOL\u00d3GICO RIOBAMBA","url":"https:\/\/istriobamba.edu.ec\/","sameAs":[],"logo":{"@type":"ImageObject","inLanguage":"es","@id":"https:\/\/istriobamba.edu.ec\/#\/schema\/logo\/image\/","url":"https:\/\/istriobamba.edu.ec\/wp-content\/uploads\/2026\/01\/fav-icon-1.png","contentUrl":"https:\/\/istriobamba.edu.ec\/wp-content\/uploads\/2026\/01\/fav-icon-1.png","width":190,"height":190,"caption":"INSTITUTO SUPERIOR TECNOL\u00d3GICO RIOBAMBA"},"image":{"@id":"https:\/\/istriobamba.edu.ec\/#\/schema\/logo\/image\/"}},{"@type":"WebSite","@id":"https:\/\/istriobamba.edu.ec\/#website","url":"https:\/\/istriobamba.edu.ec\/","name":"INSTITUTO SUPERIOR TECNOL\u00d3GICO RIOBAMBA","description":"","publisher":{"@id":"https:\/\/istriobamba.edu.ec\/#organization"},"potentialAction":[{"@type":"SearchAction","target":{"@type":"EntryPoint","urlTemplate":"https:\/\/istriobamba.edu.ec\/?s={search_term_string}"},"query-input":"required name=search_term_string"}],"inLanguage":"es"},{"@type":"WebPage","@id":"https:\/\/istriobamba.edu.ec\/index.php\/educacion-ambiental\/","url":"https:\/\/istriobamba.edu.ec\/index.php\/educacion-ambiental\/","name":"Educaci\u00f3n Ambiental - INSTITUTO SUPERIOR TECNOL\u00d3GICO RIOBAMBA","isPartOf":{"@id":"https:\/\/istriobamba.edu.ec\/#website"},"datePublished":"2023-05-22T19:17:13+00:00","dateModified":"2026-01-28T17:59:40+00:00","breadcrumb":{"@id":"https:\/\/istriobamba.edu.ec\/index.php\/educacion-ambiental\/#breadcrumb"},"inLanguage":"es","potentialAction":[{"@type":"ReadAction","target":["https:\/\/istriobamba.edu.ec\/index.php\/educacion-ambiental\/"]}]},{"@type":"BreadcrumbList","@id":"https:\/\/istriobamba.edu.ec\/index.php\/educacion-ambiental\/#breadcrumb","itemListElement":[{"@type":"ListItem","position":1,"name":"Home","item":"https:\/\/istriobamba.edu.ec\/"},{"@type":"ListItem","position":2,"name":"Educaci\u00f3n Ambiental"}]}]}},"_links":{"self":[{"href":"https:\/\/istriobamba.edu.ec\/index.php\/wp-json\/wp\/v2\/pages\/3186"}],"collection":[{"href":"https:\/\/istriobamba.edu.ec\/index.php\/wp-json\/wp\/v2\/pages"}],"about":[{"href":"https:\/\/istriobamba.edu.ec\/index.php\/wp-json\/wp\/v2\/types\/page"}],"author":[{"embeddable":true,"href":"https:\/\/istriobamba.edu.ec\/index.php\/wp-json\/wp\/v2\/users\/1"}],"replies":[{"embeddable":true,"href":"https:\/\/istriobamba.edu.ec\/index.php\/wp-json\/wp\/v2\/comments?post=3186"}],"version-history":[{"count":131,"href":"https:\/\/istriobamba.edu.ec\/index.php\/wp-json\/wp\/v2\/pages\/3186\/revisions"}],"predecessor-version":[{"id":5761,"href":"https:\/\/istriobamba.edu.ec\/index.php\/wp-json\/wp\/v2\/pages\/3186\/revisions\/5761"}],"wp:attachment":[{"href":"https:\/\/istriobamba.edu.ec\/index.php\/wp-json\/wp\/v2\/media?parent=3186"}],"curies":[{"name":"wp","href":"https:\/\/api.w.org\/{rel}","templated":true}]}}