{"id":1313,"date":"2022-08-11T11:07:49","date_gmt":"2022-08-11T16:07:49","guid":{"rendered":"http:\/\/186.46.233.121\/?page_id=1313"},"modified":"2023-08-10T14:39:49","modified_gmt":"2023-08-10T19:39:49","slug":"carreras-duales-en-seguridad-ciudadana-y-orden-publico","status":"publish","type":"page","link":"https:\/\/istriobamba.edu.ec\/index.php\/carreras-duales-en-seguridad-ciudadana-y-orden-publico\/","title":{"rendered":"Carrera 11 SCOPS"},"content":{"rendered":"\t\t<div data-elementor-type=\"wp-page\" data-elementor-id=\"1313\" class=\"elementor elementor-1313\">\n\t\t\t\t\t\t\t\t\t<section class=\"elementor-section elementor-top-section elementor-element elementor-element-6eb3169 elementor-section-boxed elementor-section-height-default elementor-section-height-default\" data-id=\"6eb3169\" data-element_type=\"section\">\n\t\t\t\t\t\t<div class=\"elementor-container elementor-column-gap-default\">\n\t\t\t\t\t<div class=\"elementor-column elementor-col-100 elementor-top-column elementor-element elementor-element-c0c2fa6\" data-id=\"c0c2fa6\" data-element_type=\"column\">\n\t\t\t<div class=\"elementor-widget-wrap elementor-element-populated\">\n\t\t\t\t\t\t\t\t<div class=\"elementor-element elementor-element-9bfea06 elementor-widget elementor-widget-spacer\" data-id=\"9bfea06\" data-element_type=\"widget\" data-widget_type=\"spacer.default\">\n\t\t\t\t<div class=\"elementor-widget-container\">\n\t\t\t<style>\/*! elementor - v3.11.5 - 14-03-2023 *\/\n.elementor-column .elementor-spacer-inner{height:var(--spacer-size)}.e-con{--container-widget-width:100%}.e-con-inner>.elementor-widget-spacer,.e-con>.elementor-widget-spacer{width:var(--container-widget-width,var(--spacer-size));--align-self:var(--container-widget-align-self,initial);--flex-shrink:0}.e-con-inner>.elementor-widget-spacer>.elementor-widget-container,.e-con-inner>.elementor-widget-spacer>.elementor-widget-container>.elementor-spacer,.e-con>.elementor-widget-spacer>.elementor-widget-container,.e-con>.elementor-widget-spacer>.elementor-widget-container>.elementor-spacer{height:100%}.e-con-inner>.elementor-widget-spacer>.elementor-widget-container>.elementor-spacer>.elementor-spacer-inner,.e-con>.elementor-widget-spacer>.elementor-widget-container>.elementor-spacer>.elementor-spacer-inner{height:var(--container-widget-height,var(--spacer-size))}<\/style>\t\t<div class=\"elementor-spacer\">\n\t\t\t<div class=\"elementor-spacer-inner\"><\/div>\n\t\t<\/div>\n\t\t\t\t<\/div>\n\t\t\t\t<\/div>\n\t\t\t\t\t<\/div>\n\t\t<\/div>\n\t\t\t\t\t\t\t<\/div>\n\t\t<\/section>\n\t\t\t\t<section class=\"elementor-section elementor-top-section elementor-element elementor-element-984386f elementor-section-full_width elementor-section-height-default elementor-section-height-default\" data-id=\"984386f\" data-element_type=\"section\" data-settings=\"{&quot;background_background&quot;:&quot;classic&quot;}\">\n\t\t\t\t\t\t<div class=\"elementor-container elementor-column-gap-default\">\n\t\t\t\t\t<div class=\"elementor-column elementor-col-100 elementor-top-column elementor-element elementor-element-cd17177\" data-id=\"cd17177\" data-element_type=\"column\">\n\t\t\t<div class=\"elementor-widget-wrap elementor-element-populated\">\n\t\t\t\t\t\t\t\t<div class=\"elementor-element elementor-element-d6acfb0 elementor-widget elementor-widget-text-editor\" data-id=\"d6acfb0\" data-element_type=\"widget\" data-widget_type=\"text-editor.default\">\n\t\t\t\t<div class=\"elementor-widget-container\">\n\t\t\t<style>\/*! elementor - v3.11.5 - 14-03-2023 *\/\n.elementor-widget-text-editor.elementor-drop-cap-view-stacked .elementor-drop-cap{background-color:#818a91;color:#fff}.elementor-widget-text-editor.elementor-drop-cap-view-framed .elementor-drop-cap{color:#818a91;border:3px solid;background-color:transparent}.elementor-widget-text-editor:not(.elementor-drop-cap-view-default) .elementor-drop-cap{margin-top:8px}.elementor-widget-text-editor:not(.elementor-drop-cap-view-default) .elementor-drop-cap-letter{width:1em;height:1em}.elementor-widget-text-editor .elementor-drop-cap{float:left;text-align:center;line-height:1;font-size:50px}.elementor-widget-text-editor .elementor-drop-cap-letter{display:inline-block}<\/style>\t\t\t\t<p><strong>Tecnolog\u00eda Superior en Seguridad Ciudadana y Orden P\u00fablico <\/strong><\/p>\t\t\t\t\t\t<\/div>\n\t\t\t\t<\/div>\n\t\t\t\t\t<\/div>\n\t\t<\/div>\n\t\t\t\t\t\t\t<\/div>\n\t\t<\/section>\n\t\t\t\t<section class=\"elementor-section elementor-top-section elementor-element elementor-element-fbf81fa elementor-section-boxed elementor-section-height-default elementor-section-height-default\" data-id=\"fbf81fa\" data-element_type=\"section\">\n\t\t\t\t\t\t<div class=\"elementor-container elementor-column-gap-default\">\n\t\t\t\t\t<div class=\"elementor-column elementor-col-100 elementor-top-column elementor-element elementor-element-a51945d\" data-id=\"a51945d\" data-element_type=\"column\">\n\t\t\t<div class=\"elementor-widget-wrap elementor-element-populated\">\n\t\t\t\t\t\t\t\t<div class=\"elementor-element elementor-element-f517095 elementor-widget elementor-widget-spacer\" data-id=\"f517095\" data-element_type=\"widget\" data-widget_type=\"spacer.default\">\n\t\t\t\t<div class=\"elementor-widget-container\">\n\t\t\t\t\t<div class=\"elementor-spacer\">\n\t\t\t<div class=\"elementor-spacer-inner\"><\/div>\n\t\t<\/div>\n\t\t\t\t<\/div>\n\t\t\t\t<\/div>\n\t\t\t\t\t<\/div>\n\t\t<\/div>\n\t\t\t\t\t\t\t<\/div>\n\t\t<\/section>\n\t\t\t\t<section class=\"elementor-section elementor-top-section elementor-element elementor-element-a23fe53 elementor-section-boxed elementor-section-height-default elementor-section-height-default\" data-id=\"a23fe53\" data-element_type=\"section\">\n\t\t\t\t\t\t<div class=\"elementor-container elementor-column-gap-default\">\n\t\t\t\t\t<div class=\"elementor-column elementor-col-100 elementor-top-column elementor-element elementor-element-b236757\" data-id=\"b236757\" data-element_type=\"column\">\n\t\t\t<div class=\"elementor-widget-wrap elementor-element-populated\">\n\t\t\t\t\t\t\t\t<div class=\"elementor-element elementor-element-22eb54f elementor-widget elementor-widget-image\" data-id=\"22eb54f\" data-element_type=\"widget\" data-widget_type=\"image.default\">\n\t\t\t\t<div class=\"elementor-widget-container\">\n\t\t\t<style>\/*! elementor - v3.11.5 - 14-03-2023 *\/\n.elementor-widget-image{text-align:center}.elementor-widget-image a{display:inline-block}.elementor-widget-image a img[src$=\".svg\"]{width:48px}.elementor-widget-image img{vertical-align:middle;display:inline-block}<\/style>\t\t\t\t\t\t\t\t\t\t\t\t<img width=\"451\" height=\"451\" src=\"https:\/\/istriobamba.edu.ec\/wp-content\/uploads\/2022\/08\/SCOP-PORTADA.jpg\" class=\"attachment-large size-large wp-image-320\" alt=\"\" loading=\"lazy\" srcset=\"https:\/\/istriobamba.edu.ec\/wp-content\/uploads\/2022\/08\/SCOP-PORTADA.jpg 451w, https:\/\/istriobamba.edu.ec\/wp-content\/uploads\/2022\/08\/SCOP-PORTADA-300x300.jpg 300w, https:\/\/istriobamba.edu.ec\/wp-content\/uploads\/2022\/08\/SCOP-PORTADA-150x150.jpg 150w\" sizes=\"(max-width: 34.9rem) calc(100vw - 2rem), (max-width: 53rem) calc(8 * (100vw \/ 12)), (min-width: 53rem) calc(6 * (100vw \/ 12)), 100vw\" \/>\t\t\t\t\t\t\t\t\t\t\t\t\t\t\t<\/div>\n\t\t\t\t<\/div>\n\t\t\t\t\t<\/div>\n\t\t<\/div>\n\t\t\t\t\t\t\t<\/div>\n\t\t<\/section>\n\t\t\t\t<section class=\"elementor-section elementor-top-section elementor-element elementor-element-6fcfc5d elementor-section-boxed elementor-section-height-default elementor-section-height-default\" data-id=\"6fcfc5d\" data-element_type=\"section\">\n\t\t\t\t\t\t<div class=\"elementor-container elementor-column-gap-default\">\n\t\t\t\t\t<div class=\"elementor-column elementor-col-100 elementor-top-column elementor-element elementor-element-48fe666\" data-id=\"48fe666\" data-element_type=\"column\">\n\t\t\t<div class=\"elementor-widget-wrap elementor-element-populated\">\n\t\t\t\t\t\t\t\t<div class=\"elementor-element elementor-element-e500b58 elementor-widget elementor-widget-spacer\" data-id=\"e500b58\" data-element_type=\"widget\" data-widget_type=\"spacer.default\">\n\t\t\t\t<div class=\"elementor-widget-container\">\n\t\t\t\t\t<div class=\"elementor-spacer\">\n\t\t\t<div class=\"elementor-spacer-inner\"><\/div>\n\t\t<\/div>\n\t\t\t\t<\/div>\n\t\t\t\t<\/div>\n\t\t\t\t\t<\/div>\n\t\t<\/div>\n\t\t\t\t\t\t\t<\/div>\n\t\t<\/section>\n\t\t\t\t<section class=\"elementor-section elementor-top-section elementor-element elementor-element-35dac0a elementor-section-boxed elementor-section-height-default elementor-section-height-default\" data-id=\"35dac0a\" data-element_type=\"section\">\n\t\t\t\t\t\t<div class=\"elementor-container elementor-column-gap-default\">\n\t\t\t\t\t<div class=\"elementor-column elementor-col-100 elementor-top-column elementor-element elementor-element-d8cf0d7\" data-id=\"d8cf0d7\" data-element_type=\"column\">\n\t\t\t<div class=\"elementor-widget-wrap elementor-element-populated\">\n\t\t\t\t\t\t\t\t<div class=\"elementor-element elementor-element-d70e37f elementor-widget elementor-widget-text-editor\" data-id=\"d70e37f\" data-element_type=\"widget\" data-widget_type=\"text-editor.default\">\n\t\t\t\t<div class=\"elementor-widget-container\">\n\t\t\t\t\t\t\t<p><b>T\u00edtulo a obtener:<\/b> T\u00e9cnico Superior en Seguridad Ciudadana y Orden P\u00fablico.<\/p><p><b>Per\u00edodos acad\u00e9micos:<\/b> 4<\/p><p><b>Modalidad:<\/b> Dual Focalizada Ministerio del Interior del Ecuador<\/p><p><b>Aprobaci\u00f3n:<\/b> RCP-SO-11-225915486-No.112-04-2014<\/p><p><b>C\u00f3digo de la carrera:<\/b> 003433<\/p><p><b>Misi\u00f3n<\/b><br \/>La carrera es formar a las y los Aspirantes a Polic\u00edas de L\u00ednea en Seguridad Ciudadana y Orden P\u00fablico, a trav\u00e9s del desarrollo de competencias profesionales que les permita desempe\u00f1arse con eficacia, eficiencia y efectividad en la prevenci\u00f3n e investigaci\u00f3n del delito y en inteligencia para la seguridad ciudadana, sustentado en el respeto irrestricto de los derechos humanos, y de esta forma cumplir con la Misi\u00f3n asignada a la Polic\u00eda Nacional, consagrada en la Constituci\u00f3n de la Rep\u00fablica del Ecuador.<\/p><p><b>Visi\u00f3n<\/b><br \/>La carrera es promover que se convierta en un referente de excelencia en la educaci\u00f3n superior a nivel de t\u00e9cnico superior, con la formaci\u00f3n de las y los Aspirantes a Polic\u00edas de L\u00ednea, a trav\u00e9s de la creaci\u00f3n y difusi\u00f3n del conocimiento cient\u00edfico y t\u00e9cnico, mediante la formaci\u00f3n de profesionales investidos de valores \u00e9ticos, morales y c\u00edvicos que garanticen la seguridad ciudadana y el orden p\u00fablico.<\/p><p><b>Campo ocupacional:<\/b><\/p><p>El campo ocupacional a nivel nacional y consecuentemente a nivel de la Provincia de Chimborazo, se sustenta en el Modelo de Gesti\u00f3n Operativa de la Polic\u00eda Comunitaria, POLCO, que tiene la siguiente organizaci\u00f3n:<\/p><ul><li>9 Zonas.<\/li><li>29 Subzonas.<\/li><li>140 Distritos: 25 Km2 y 250.000 habitantes.<\/li><li>1.134 Circuitos, 5 Km2 y 50.000 habitantes: El Circuito es la unidad territorial local, conformada por el conjunto de establecimientos dedicados a la prestaci\u00f3n de servicios p\u00fablicos en un territorio determinado dentro de un distrito, articulados entre s\u00ed, a trav\u00e9s de los servicios que ofertan.<\/li><li>1.871 Subcircuitos, 1 Km2 y 10.000 habitantes: Es una estructura operativa que resulta de la subdivisi\u00f3n de un Circuito de Polic\u00eda, tomando en cuenta aspectos inherentes al desarrollo urbano, tipo de uso del suelo o actividad socioecon\u00f3mica predominante, topograf\u00eda y\/o accidentes geogr\u00e1ficos, y problemas de convivencia y seguridad ciudadana.<\/li><li>Los Subcircuitos albergan a las UPCs tipo A (22 polic\u00edas) o tipo B (16 polic\u00edas); y, simples (solamente servicios policiales) o compuestas (servicios policiales m\u00e1s administraci\u00f3n de justicia).<\/li><\/ul><p><b>Perfil profesional:<\/b><\/p><p>El desempe\u00f1o laboral del T\u00e9cnico Superior en Seguridad Ciudadana y Orden P\u00fablico en las UPCs responde al perfil profesional de la carrera, que est\u00e1 debidamente articulado con la demanda de los servicios de seguridad que brindan dichas Unidades:<\/p><ul><li>Demanda de servicios de seguridad en el d\u00eda:<\/li><li>Domicilios abandonados.<\/li><li>Negocios abiertos.<\/li><li>Banca y comercio atendiendo.<\/li><li>Centros educativos funcionando.<\/li><li>Sistemas de transporte operando.<\/li><li>Parque automotor privado estacionado.<\/li><li>Sector tur\u00edstico y hotelero en mayor servicio.<\/li><li>Ciudadanos transitando y en actividad comercial.<\/li><li>Instituciones de servicio p\u00fablico laborando.<\/li><li>Empresas y negocios privados trabajando.<\/li><li>Parques, plazas, sitios tur\u00edsticos con asistencia de p\u00fablico.<\/li><li>Universidades e institutos en actividad acad\u00e9mica.<\/li><li>Escolares fuera de los planteles.<\/li><li>Restaurantes atendiendo.<\/li><li>Grupos vulnerables en actividades.<\/li><li>Mercados y supermercados con clientes.<\/li><\/ul>\t\t\t\t\t\t<\/div>\n\t\t\t\t<\/div>\n\t\t\t\t\t<\/div>\n\t\t<\/div>\n\t\t\t\t\t\t\t<\/div>\n\t\t<\/section>\n\t\t\t\t<section class=\"elementor-section elementor-top-section elementor-element elementor-element-4c7b62c elementor-section-boxed elementor-section-height-default elementor-section-height-default\" data-id=\"4c7b62c\" data-element_type=\"section\">\n\t\t\t\t\t\t<div class=\"elementor-container elementor-column-gap-default\">\n\t\t\t\t\t<div class=\"elementor-column elementor-col-100 elementor-top-column elementor-element elementor-element-a80dd4d\" data-id=\"a80dd4d\" data-element_type=\"column\">\n\t\t\t<div class=\"elementor-widget-wrap elementor-element-populated\">\n\t\t\t\t\t\t\t\t<div class=\"elementor-element elementor-element-7108db4 elementor-align-center elementor-widget elementor-widget-button\" data-id=\"7108db4\" data-element_type=\"widget\" data-widget_type=\"button.default\">\n\t\t\t\t<div class=\"elementor-widget-container\">\n\t\t\t\t\t<div class=\"elementor-button-wrapper\">\n\t\t\t<a class=\"elementor-button elementor-size-sm\" role=\"button\">\n\t\t\t\t\t\t<span class=\"elementor-button-content-wrapper\">\n\t\t\t\t\t\t<span class=\"elementor-button-text\">Ver Malla Curricular<\/span>\n\t\t<\/span>\n\t\t\t\t\t<\/a>\n\t\t<\/div>\n\t\t\t\t<\/div>\n\t\t\t\t<\/div>\n\t\t\t\t\t<\/div>\n\t\t<\/div>\n\t\t\t\t\t\t\t<\/div>\n\t\t<\/section>\n\t\t\t\t<section class=\"elementor-section elementor-top-section elementor-element elementor-element-8ab5bcb elementor-section-boxed elementor-section-height-default elementor-section-height-default\" data-id=\"8ab5bcb\" data-element_type=\"section\">\n\t\t\t\t\t\t<div class=\"elementor-container elementor-column-gap-default\">\n\t\t\t\t\t<div class=\"elementor-column elementor-col-100 elementor-top-column elementor-element elementor-element-bcf7de6\" data-id=\"bcf7de6\" data-element_type=\"column\">\n\t\t\t<div class=\"elementor-widget-wrap\">\n\t\t\t\t\t\t\t\t\t<\/div>\n\t\t<\/div>\n\t\t\t\t\t\t\t<\/div>\n\t\t<\/section>\n\t\t\t\t\t\t\t<\/div>\n\t\t","protected":false},"excerpt":{"rendered":"<p>Tecnolog\u00eda Superior en Seguridad Ciudadana y Orden P\u00fablico T\u00edtulo a obtener: T\u00e9cnico Superior en Seguridad Ciudadana y Orden P\u00fablico. Per\u00edodos acad\u00e9micos: 4 Modalidad: Dual Focalizada Ministerio del Interior del Ecuador Aprobaci\u00f3n: RCP-SO-11-225915486-No.112-04-2014 C\u00f3digo de la carrera: 003433 Misi\u00f3n La carrera es formar a las y los Aspirantes a Polic\u00edas de L\u00ednea en Seguridad Ciudadana y &hellip; <\/p>\n<p class=\"link-more\"><a href=\"https:\/\/istriobamba.edu.ec\/index.php\/carreras-duales-en-seguridad-ciudadana-y-orden-publico\/\" class=\"more-link\">Seguir leyendo<span class=\"screen-reader-text\"> \u00abCarrera 11 SCOPS\u00bb<\/span><\/a><\/p>\n","protected":false},"author":1,"featured_media":0,"parent":0,"menu_order":0,"comment_status":"closed","ping_status":"closed","template":"elementor_header_footer","meta":[],"yoast_head":"<!-- This site is optimized with the Yoast SEO plugin v19.4 - https:\/\/yoast.com\/wordpress\/plugins\/seo\/ -->\n<title>Carrera 11 SCOPS - INSTITUTO SUPERIOR TECNOL\u00d3GICO RIOBAMBA<\/title>\n<meta name=\"robots\" content=\"index, follow, max-snippet:-1, max-image-preview:large, max-video-preview:-1\" \/>\n<link rel=\"canonical\" href=\"https:\/\/istriobamba.edu.ec\/index.php\/carreras-duales-en-seguridad-ciudadana-y-orden-publico\/\" \/>\n<meta property=\"og:locale\" content=\"es_ES\" \/>\n<meta property=\"og:type\" content=\"article\" \/>\n<meta property=\"og:title\" content=\"Carrera 11 SCOPS - INSTITUTO SUPERIOR TECNOL\u00d3GICO RIOBAMBA\" \/>\n<meta property=\"og:description\" content=\"Tecnolog\u00eda Superior en Seguridad Ciudadana y Orden P\u00fablico T\u00edtulo a obtener: T\u00e9cnico Superior en Seguridad Ciudadana y Orden P\u00fablico. Per\u00edodos acad\u00e9micos: 4 Modalidad: Dual Focalizada Ministerio del Interior del Ecuador Aprobaci\u00f3n: RCP-SO-11-225915486-No.112-04-2014 C\u00f3digo de la carrera: 003433 Misi\u00f3n La carrera es formar a las y los Aspirantes a Polic\u00edas de L\u00ednea en Seguridad Ciudadana y &hellip; Seguir leyendo \u00abCarrera 11 SCOPS\u00bb\" \/>\n<meta property=\"og:url\" content=\"https:\/\/istriobamba.edu.ec\/index.php\/carreras-duales-en-seguridad-ciudadana-y-orden-publico\/\" \/>\n<meta property=\"og:site_name\" content=\"INSTITUTO SUPERIOR TECNOL\u00d3GICO RIOBAMBA\" \/>\n<meta property=\"article:modified_time\" content=\"2023-08-10T19:39:49+00:00\" \/>\n<meta property=\"og:image\" content=\"http:\/\/istriobamba.edu.ec\/wp-content\/uploads\/2022\/08\/SCOP-PORTADA.jpg\" \/>\n<meta name=\"twitter:card\" content=\"summary_large_image\" \/>\n<meta name=\"twitter:label1\" content=\"Est. reading time\" \/>\n\t<meta name=\"twitter:data1\" content=\"3 minutos\" \/>\n<script type=\"application\/ld+json\" class=\"yoast-schema-graph\">{\"@context\":\"https:\/\/schema.org\",\"@graph\":[{\"@type\":\"Organization\",\"@id\":\"https:\/\/istriobamba.edu.ec\/#organization\",\"name\":\"INSTITUTO SUPERIOR TECNOL\u00d3GICO RIOBAMBA\",\"url\":\"https:\/\/istriobamba.edu.ec\/\",\"sameAs\":[],\"logo\":{\"@type\":\"ImageObject\",\"inLanguage\":\"es\",\"@id\":\"https:\/\/istriobamba.edu.ec\/#\/schema\/logo\/image\/\",\"url\":\"https:\/\/istriobamba.edu.ec\/wp-content\/uploads\/2026\/01\/fav-icon-1.png\",\"contentUrl\":\"https:\/\/istriobamba.edu.ec\/wp-content\/uploads\/2026\/01\/fav-icon-1.png\",\"width\":190,\"height\":190,\"caption\":\"INSTITUTO SUPERIOR TECNOL\u00d3GICO RIOBAMBA\"},\"image\":{\"@id\":\"https:\/\/istriobamba.edu.ec\/#\/schema\/logo\/image\/\"}},{\"@type\":\"WebSite\",\"@id\":\"https:\/\/istriobamba.edu.ec\/#website\",\"url\":\"https:\/\/istriobamba.edu.ec\/\",\"name\":\"INSTITUTO SUPERIOR TECNOL\u00d3GICO RIOBAMBA\",\"description\":\"\",\"publisher\":{\"@id\":\"https:\/\/istriobamba.edu.ec\/#organization\"},\"potentialAction\":[{\"@type\":\"SearchAction\",\"target\":{\"@type\":\"EntryPoint\",\"urlTemplate\":\"https:\/\/istriobamba.edu.ec\/?s={search_term_string}\"},\"query-input\":\"required name=search_term_string\"}],\"inLanguage\":\"es\"},{\"@type\":\"WebPage\",\"@id\":\"https:\/\/istriobamba.edu.ec\/index.php\/carreras-duales-en-seguridad-ciudadana-y-orden-publico\/\",\"url\":\"https:\/\/istriobamba.edu.ec\/index.php\/carreras-duales-en-seguridad-ciudadana-y-orden-publico\/\",\"name\":\"Carrera 11 SCOPS - INSTITUTO SUPERIOR TECNOL\u00d3GICO RIOBAMBA\",\"isPartOf\":{\"@id\":\"https:\/\/istriobamba.edu.ec\/#website\"},\"datePublished\":\"2022-08-11T16:07:49+00:00\",\"dateModified\":\"2023-08-10T19:39:49+00:00\",\"breadcrumb\":{\"@id\":\"https:\/\/istriobamba.edu.ec\/index.php\/carreras-duales-en-seguridad-ciudadana-y-orden-publico\/#breadcrumb\"},\"inLanguage\":\"es\",\"potentialAction\":[{\"@type\":\"ReadAction\",\"target\":[\"https:\/\/istriobamba.edu.ec\/index.php\/carreras-duales-en-seguridad-ciudadana-y-orden-publico\/\"]}]},{\"@type\":\"BreadcrumbList\",\"@id\":\"https:\/\/istriobamba.edu.ec\/index.php\/carreras-duales-en-seguridad-ciudadana-y-orden-publico\/#breadcrumb\",\"itemListElement\":[{\"@type\":\"ListItem\",\"position\":1,\"name\":\"Home\",\"item\":\"https:\/\/istriobamba.edu.ec\/\"},{\"@type\":\"ListItem\",\"position\":2,\"name\":\"Carrera 11 SCOPS\"}]}]}<\/script>\n<!-- \/ Yoast SEO plugin. -->","yoast_head_json":{"title":"Carrera 11 SCOPS - INSTITUTO SUPERIOR TECNOL\u00d3GICO RIOBAMBA","robots":{"index":"index","follow":"follow","max-snippet":"max-snippet:-1","max-image-preview":"max-image-preview:large","max-video-preview":"max-video-preview:-1"},"canonical":"https:\/\/istriobamba.edu.ec\/index.php\/carreras-duales-en-seguridad-ciudadana-y-orden-publico\/","og_locale":"es_ES","og_type":"article","og_title":"Carrera 11 SCOPS - INSTITUTO SUPERIOR TECNOL\u00d3GICO RIOBAMBA","og_description":"Tecnolog\u00eda Superior en Seguridad Ciudadana y Orden P\u00fablico T\u00edtulo a obtener: T\u00e9cnico Superior en Seguridad Ciudadana y Orden P\u00fablico. Per\u00edodos acad\u00e9micos: 4 Modalidad: Dual Focalizada Ministerio del Interior del Ecuador Aprobaci\u00f3n: RCP-SO-11-225915486-No.112-04-2014 C\u00f3digo de la carrera: 003433 Misi\u00f3n La carrera es formar a las y los Aspirantes a Polic\u00edas de L\u00ednea en Seguridad Ciudadana y &hellip; Seguir leyendo \u00abCarrera 11 SCOPS\u00bb","og_url":"https:\/\/istriobamba.edu.ec\/index.php\/carreras-duales-en-seguridad-ciudadana-y-orden-publico\/","og_site_name":"INSTITUTO SUPERIOR TECNOL\u00d3GICO RIOBAMBA","article_modified_time":"2023-08-10T19:39:49+00:00","og_image":[{"url":"http:\/\/istriobamba.edu.ec\/wp-content\/uploads\/2022\/08\/SCOP-PORTADA.jpg"}],"twitter_card":"summary_large_image","twitter_misc":{"Est. reading time":"3 minutos"},"schema":{"@context":"https:\/\/schema.org","@graph":[{"@type":"Organization","@id":"https:\/\/istriobamba.edu.ec\/#organization","name":"INSTITUTO SUPERIOR TECNOL\u00d3GICO RIOBAMBA","url":"https:\/\/istriobamba.edu.ec\/","sameAs":[],"logo":{"@type":"ImageObject","inLanguage":"es","@id":"https:\/\/istriobamba.edu.ec\/#\/schema\/logo\/image\/","url":"https:\/\/istriobamba.edu.ec\/wp-content\/uploads\/2026\/01\/fav-icon-1.png","contentUrl":"https:\/\/istriobamba.edu.ec\/wp-content\/uploads\/2026\/01\/fav-icon-1.png","width":190,"height":190,"caption":"INSTITUTO SUPERIOR TECNOL\u00d3GICO RIOBAMBA"},"image":{"@id":"https:\/\/istriobamba.edu.ec\/#\/schema\/logo\/image\/"}},{"@type":"WebSite","@id":"https:\/\/istriobamba.edu.ec\/#website","url":"https:\/\/istriobamba.edu.ec\/","name":"INSTITUTO SUPERIOR TECNOL\u00d3GICO RIOBAMBA","description":"","publisher":{"@id":"https:\/\/istriobamba.edu.ec\/#organization"},"potentialAction":[{"@type":"SearchAction","target":{"@type":"EntryPoint","urlTemplate":"https:\/\/istriobamba.edu.ec\/?s={search_term_string}"},"query-input":"required name=search_term_string"}],"inLanguage":"es"},{"@type":"WebPage","@id":"https:\/\/istriobamba.edu.ec\/index.php\/carreras-duales-en-seguridad-ciudadana-y-orden-publico\/","url":"https:\/\/istriobamba.edu.ec\/index.php\/carreras-duales-en-seguridad-ciudadana-y-orden-publico\/","name":"Carrera 11 SCOPS - INSTITUTO SUPERIOR TECNOL\u00d3GICO RIOBAMBA","isPartOf":{"@id":"https:\/\/istriobamba.edu.ec\/#website"},"datePublished":"2022-08-11T16:07:49+00:00","dateModified":"2023-08-10T19:39:49+00:00","breadcrumb":{"@id":"https:\/\/istriobamba.edu.ec\/index.php\/carreras-duales-en-seguridad-ciudadana-y-orden-publico\/#breadcrumb"},"inLanguage":"es","potentialAction":[{"@type":"ReadAction","target":["https:\/\/istriobamba.edu.ec\/index.php\/carreras-duales-en-seguridad-ciudadana-y-orden-publico\/"]}]},{"@type":"BreadcrumbList","@id":"https:\/\/istriobamba.edu.ec\/index.php\/carreras-duales-en-seguridad-ciudadana-y-orden-publico\/#breadcrumb","itemListElement":[{"@type":"ListItem","position":1,"name":"Home","item":"https:\/\/istriobamba.edu.ec\/"},{"@type":"ListItem","position":2,"name":"Carrera 11 SCOPS"}]}]}},"_links":{"self":[{"href":"https:\/\/istriobamba.edu.ec\/index.php\/wp-json\/wp\/v2\/pages\/1313"}],"collection":[{"href":"https:\/\/istriobamba.edu.ec\/index.php\/wp-json\/wp\/v2\/pages"}],"about":[{"href":"https:\/\/istriobamba.edu.ec\/index.php\/wp-json\/wp\/v2\/types\/page"}],"author":[{"embeddable":true,"href":"https:\/\/istriobamba.edu.ec\/index.php\/wp-json\/wp\/v2\/users\/1"}],"replies":[{"embeddable":true,"href":"https:\/\/istriobamba.edu.ec\/index.php\/wp-json\/wp\/v2\/comments?post=1313"}],"version-history":[{"count":38,"href":"https:\/\/istriobamba.edu.ec\/index.php\/wp-json\/wp\/v2\/pages\/1313\/revisions"}],"predecessor-version":[{"id":3574,"href":"https:\/\/istriobamba.edu.ec\/index.php\/wp-json\/wp\/v2\/pages\/1313\/revisions\/3574"}],"wp:attachment":[{"href":"https:\/\/istriobamba.edu.ec\/index.php\/wp-json\/wp\/v2\/media?parent=1313"}],"curies":[{"name":"wp","href":"https:\/\/api.w.org\/{rel}","templated":true}]}}