{"id":1072,"date":"2022-08-10T10:33:49","date_gmt":"2022-08-10T15:33:49","guid":{"rendered":"http:\/\/186.46.233.121\/?page_id=1072"},"modified":"2022-12-06T11:23:35","modified_gmt":"2022-12-06T16:23:35","slug":"investigacion-07-reciclaje-de-botellas-plasticas","status":"publish","type":"page","link":"https:\/\/istriobamba.edu.ec\/index.php\/investigacion-07-reciclaje-de-botellas-plasticas\/","title":{"rendered":"Investigaci\u00f3n 07 Reciclaje de Botellas pl\u00e1sticas"},"content":{"rendered":"\t\t<div data-elementor-type=\"wp-page\" data-elementor-id=\"1072\" class=\"elementor elementor-1072\">\n\t\t\t\t\t\t\t\t\t<section class=\"elementor-section elementor-top-section elementor-element elementor-element-6eb3169 elementor-section-boxed elementor-section-height-default elementor-section-height-default\" data-id=\"6eb3169\" data-element_type=\"section\">\n\t\t\t\t\t\t<div class=\"elementor-container elementor-column-gap-default\">\n\t\t\t\t\t<div class=\"elementor-column elementor-col-100 elementor-top-column elementor-element elementor-element-c0c2fa6\" data-id=\"c0c2fa6\" data-element_type=\"column\">\n\t\t\t<div class=\"elementor-widget-wrap elementor-element-populated\">\n\t\t\t\t\t\t\t\t<div class=\"elementor-element elementor-element-9bfea06 elementor-widget elementor-widget-spacer\" data-id=\"9bfea06\" data-element_type=\"widget\" data-widget_type=\"spacer.default\">\n\t\t\t\t<div class=\"elementor-widget-container\">\n\t\t\t<style>\/*! elementor - v3.11.5 - 14-03-2023 *\/\n.elementor-column .elementor-spacer-inner{height:var(--spacer-size)}.e-con{--container-widget-width:100%}.e-con-inner>.elementor-widget-spacer,.e-con>.elementor-widget-spacer{width:var(--container-widget-width,var(--spacer-size));--align-self:var(--container-widget-align-self,initial);--flex-shrink:0}.e-con-inner>.elementor-widget-spacer>.elementor-widget-container,.e-con-inner>.elementor-widget-spacer>.elementor-widget-container>.elementor-spacer,.e-con>.elementor-widget-spacer>.elementor-widget-container,.e-con>.elementor-widget-spacer>.elementor-widget-container>.elementor-spacer{height:100%}.e-con-inner>.elementor-widget-spacer>.elementor-widget-container>.elementor-spacer>.elementor-spacer-inner,.e-con>.elementor-widget-spacer>.elementor-widget-container>.elementor-spacer>.elementor-spacer-inner{height:var(--container-widget-height,var(--spacer-size))}<\/style>\t\t<div class=\"elementor-spacer\">\n\t\t\t<div class=\"elementor-spacer-inner\"><\/div>\n\t\t<\/div>\n\t\t\t\t<\/div>\n\t\t\t\t<\/div>\n\t\t\t\t\t<\/div>\n\t\t<\/div>\n\t\t\t\t\t\t\t<\/div>\n\t\t<\/section>\n\t\t\t\t<section class=\"elementor-section elementor-top-section elementor-element elementor-element-984386f elementor-section-full_width elementor-section-height-default elementor-section-height-default\" data-id=\"984386f\" data-element_type=\"section\" data-settings=\"{&quot;background_background&quot;:&quot;classic&quot;}\">\n\t\t\t\t\t\t<div class=\"elementor-container elementor-column-gap-default\">\n\t\t\t\t\t<div class=\"elementor-column elementor-col-100 elementor-top-column elementor-element elementor-element-cd17177\" data-id=\"cd17177\" data-element_type=\"column\">\n\t\t\t<div class=\"elementor-widget-wrap elementor-element-populated\">\n\t\t\t\t\t\t\t\t<div class=\"elementor-element elementor-element-d6acfb0 elementor-widget elementor-widget-text-editor\" data-id=\"d6acfb0\" data-element_type=\"widget\" data-widget_type=\"text-editor.default\">\n\t\t\t\t<div class=\"elementor-widget-container\">\n\t\t\t<style>\/*! elementor - v3.11.5 - 14-03-2023 *\/\n.elementor-widget-text-editor.elementor-drop-cap-view-stacked .elementor-drop-cap{background-color:#818a91;color:#fff}.elementor-widget-text-editor.elementor-drop-cap-view-framed .elementor-drop-cap{color:#818a91;border:3px solid;background-color:transparent}.elementor-widget-text-editor:not(.elementor-drop-cap-view-default) .elementor-drop-cap{margin-top:8px}.elementor-widget-text-editor:not(.elementor-drop-cap-view-default) .elementor-drop-cap-letter{width:1em;height:1em}.elementor-widget-text-editor .elementor-drop-cap{float:left;text-align:center;line-height:1;font-size:50px}.elementor-widget-text-editor .elementor-drop-cap-letter{display:inline-block}<\/style>\t\t\t\t<p>RECICLAJE DE BOTELLAS PL\u00c1STICAS COMO MECANISMO DE GESTI\u00d3N Y EDUCACI\u00d3N<br \/>AMBIENTAL PARA EL DESARROLLO SOSTENIBLE<\/p>\t\t\t\t\t\t<\/div>\n\t\t\t\t<\/div>\n\t\t\t\t\t<\/div>\n\t\t<\/div>\n\t\t\t\t\t\t\t<\/div>\n\t\t<\/section>\n\t\t\t\t<section class=\"elementor-section elementor-top-section elementor-element elementor-element-fbf81fa elementor-section-boxed elementor-section-height-default elementor-section-height-default\" data-id=\"fbf81fa\" data-element_type=\"section\">\n\t\t\t\t\t\t<div class=\"elementor-container elementor-column-gap-default\">\n\t\t\t\t\t<div class=\"elementor-column elementor-col-100 elementor-top-column elementor-element elementor-element-a51945d\" data-id=\"a51945d\" data-element_type=\"column\">\n\t\t\t<div class=\"elementor-widget-wrap elementor-element-populated\">\n\t\t\t\t\t\t\t\t<div class=\"elementor-element elementor-element-f517095 elementor-widget elementor-widget-spacer\" data-id=\"f517095\" data-element_type=\"widget\" data-widget_type=\"spacer.default\">\n\t\t\t\t<div class=\"elementor-widget-container\">\n\t\t\t\t\t<div class=\"elementor-spacer\">\n\t\t\t<div class=\"elementor-spacer-inner\"><\/div>\n\t\t<\/div>\n\t\t\t\t<\/div>\n\t\t\t\t<\/div>\n\t\t\t\t\t<\/div>\n\t\t<\/div>\n\t\t\t\t\t\t\t<\/div>\n\t\t<\/section>\n\t\t\t\t<section class=\"elementor-section elementor-top-section elementor-element elementor-element-e757f1f elementor-section-boxed elementor-section-height-default elementor-section-height-default\" data-id=\"e757f1f\" data-element_type=\"section\">\n\t\t\t\t\t\t<div class=\"elementor-container elementor-column-gap-default\">\n\t\t\t\t\t<div class=\"elementor-column elementor-col-50 elementor-top-column elementor-element elementor-element-4546020\" data-id=\"4546020\" data-element_type=\"column\">\n\t\t\t<div class=\"elementor-widget-wrap elementor-element-populated\">\n\t\t\t\t\t\t\t\t<div class=\"elementor-element elementor-element-d68cbd5 elementor-widget elementor-widget-text-editor\" data-id=\"d68cbd5\" data-element_type=\"widget\" data-widget_type=\"text-editor.default\">\n\t\t\t\t<div class=\"elementor-widget-container\">\n\t\t\t\t\t\t\t<p style=\"text-align: center;\"><strong>Tecnolog\u00eda en<\/strong><br \/><strong>Regencia en Farmacia<\/strong><\/p><p><strong>Autores:<\/strong><\/p><p>Ruth Irene Cabezas Ar\u00e9valo rcabezas@institutos.gob.ec<\/p><p>Sandra Elizabeth Erazo Santill\u00e1n saneliz7@live.com<\/p>\t\t\t\t\t\t<\/div>\n\t\t\t\t<\/div>\n\t\t\t\t\t<\/div>\n\t\t<\/div>\n\t\t\t\t<div class=\"elementor-column elementor-col-50 elementor-top-column elementor-element elementor-element-556767e\" data-id=\"556767e\" data-element_type=\"column\">\n\t\t\t<div class=\"elementor-widget-wrap elementor-element-populated\">\n\t\t\t\t\t\t\t\t<div class=\"elementor-element elementor-element-8efe21f elementor-widget elementor-widget-text-editor\" data-id=\"8efe21f\" data-element_type=\"widget\" data-widget_type=\"text-editor.default\">\n\t\t\t\t<div class=\"elementor-widget-container\">\n\t\t\t\t\t\t\t<p><strong>RESUMEN<\/strong><\/p><p>El presente trabajo consiste en el estudio de la actitud de los estudiantes de la Facultad de Recursos Naturales Renovables ante la posibilidad de reciclar botellas pl\u00e1sticas, los objetivos planteados son motivar la participaci\u00f3n en este proceso e identificar la importancia de reciclar.<\/p><p>Los desperdicios muchas veces son arrojados al entorno sin considerar que existen lugares apropiados para dicho efecto. Actualmente la informaci\u00f3n difundida en revistas, noticieros, redes sociales ha dado a conocer la cantidad de basura en oc\u00e9anos, r\u00edos llenos de desperdicios, ciudades con aire contaminado en las cuales cuesta respirar; este estudio pretende concientizar a los estudiantes de la Facultad de Recursos Naturales y por su intermedio a las familias y comunidad en general sobre la importancia de reciclar.<\/p><p>El estudio de campo se bas\u00f3 en t\u00e9cnicas de observaci\u00f3n, aplicaci\u00f3n de encuestas y entrevistas para recolectar informaci\u00f3n, la poblaci\u00f3n considerada fue: estudiantes, docentes y directivos de las carreras: Ingenier\u00eda Forestal, Agronom\u00eda, Ecoturismo e Ingenier\u00eda en Recursos Naturales Renovables de la Facultad de Recursos Naturales de la ESPOCH, para la aplicaci\u00f3n de los instrumentos se calcul\u00f3 el tama\u00f1o de muestra correspondiente a cada escuela de acuerdo con el n\u00famero de estudiantes.<\/p><p>Los resultados arrojaron el desconocimiento sobre el manejo de residuos pl\u00e1sticos, particularmente botellas, que usualmente son arrojadas a la basura sin considerar su reutilizaci\u00f3n, aportando al cuidado y preservaci\u00f3n del medio ambiente.<\/p><p>Se plantea entonces el reciclaje de botellas pl\u00e1sticas con la implementaci\u00f3n de Eco-tachos en la Facultad, mejorando as\u00ed de la calidad de vida.<\/p><p>Tecnol\u00f3gico \u00abRiobamba\u00bb. Tecnol\u00f3gico \u00abRiobamba\u00bb.<\/p>\t\t\t\t\t\t<\/div>\n\t\t\t\t<\/div>\n\t\t\t\t\t<\/div>\n\t\t<\/div>\n\t\t\t\t\t\t\t<\/div>\n\t\t<\/section>\n\t\t\t\t<section class=\"elementor-section elementor-top-section elementor-element elementor-element-4c7b62c elementor-section-boxed elementor-section-height-default elementor-section-height-default\" data-id=\"4c7b62c\" data-element_type=\"section\">\n\t\t\t\t\t\t<div class=\"elementor-container elementor-column-gap-default\">\n\t\t\t\t\t<div class=\"elementor-column elementor-col-100 elementor-top-column elementor-element elementor-element-a80dd4d\" data-id=\"a80dd4d\" data-element_type=\"column\">\n\t\t\t<div class=\"elementor-widget-wrap elementor-element-populated\">\n\t\t\t\t\t\t\t\t<div class=\"elementor-element elementor-element-7108db4 elementor-align-center elementor-widget elementor-widget-button\" data-id=\"7108db4\" data-element_type=\"widget\" data-widget_type=\"button.default\">\n\t\t\t\t<div class=\"elementor-widget-container\">\n\t\t\t\t\t<div class=\"elementor-button-wrapper\">\n\t\t\t<a href=\"https:\/\/drive.google.com\/file\/d\/1ISQtn17DbJ40xnmVnokghzZ0joTaLqQv\/view\" target=\"_blank\" class=\"elementor-button-link elementor-button elementor-size-sm\" role=\"button\">\n\t\t\t\t\t\t<span class=\"elementor-button-content-wrapper\">\n\t\t\t\t\t\t<span class=\"elementor-button-text\">Ver PDF<\/span>\n\t\t<\/span>\n\t\t\t\t\t<\/a>\n\t\t<\/div>\n\t\t\t\t<\/div>\n\t\t\t\t<\/div>\n\t\t\t\t\t<\/div>\n\t\t<\/div>\n\t\t\t\t\t\t\t<\/div>\n\t\t<\/section>\n\t\t\t\t\t\t\t<\/div>\n\t\t","protected":false},"excerpt":{"rendered":"<p>RECICLAJE DE BOTELLAS PL\u00c1STICAS COMO MECANISMO DE GESTI\u00d3N Y EDUCACI\u00d3NAMBIENTAL PARA EL DESARROLLO SOSTENIBLE Tecnolog\u00eda enRegencia en Farmacia Autores: Ruth Irene Cabezas Ar\u00e9valo rcabezas@institutos.gob.ec Sandra Elizabeth Erazo Santill\u00e1n saneliz7@live.com RESUMEN El presente trabajo consiste en el estudio de la actitud de los estudiantes de la Facultad de Recursos Naturales Renovables ante la posibilidad de reciclar &hellip; <\/p>\n<p class=\"link-more\"><a href=\"https:\/\/istriobamba.edu.ec\/index.php\/investigacion-07-reciclaje-de-botellas-plasticas\/\" class=\"more-link\">Seguir leyendo<span class=\"screen-reader-text\"> \u00abInvestigaci\u00f3n 07 Reciclaje de Botellas pl\u00e1sticas\u00bb<\/span><\/a><\/p>\n","protected":false},"author":1,"featured_media":0,"parent":0,"menu_order":0,"comment_status":"closed","ping_status":"closed","template":"elementor_header_footer","meta":[],"yoast_head":"<!-- This site is optimized with the Yoast SEO plugin v19.4 - https:\/\/yoast.com\/wordpress\/plugins\/seo\/ -->\n<title>Investigaci\u00f3n 07 Reciclaje de Botellas pl\u00e1sticas - INSTITUTO SUPERIOR TECNOL\u00d3GICO RIOBAMBA<\/title>\n<meta name=\"robots\" content=\"index, follow, max-snippet:-1, max-image-preview:large, max-video-preview:-1\" \/>\n<link rel=\"canonical\" href=\"https:\/\/istriobamba.edu.ec\/index.php\/investigacion-07-reciclaje-de-botellas-plasticas\/\" \/>\n<meta property=\"og:locale\" content=\"es_ES\" \/>\n<meta property=\"og:type\" content=\"article\" \/>\n<meta property=\"og:title\" content=\"Investigaci\u00f3n 07 Reciclaje de Botellas pl\u00e1sticas - INSTITUTO SUPERIOR TECNOL\u00d3GICO RIOBAMBA\" \/>\n<meta property=\"og:description\" content=\"RECICLAJE DE BOTELLAS PL\u00c1STICAS COMO MECANISMO DE GESTI\u00d3N Y EDUCACI\u00d3NAMBIENTAL PARA EL DESARROLLO SOSTENIBLE Tecnolog\u00eda enRegencia en Farmacia Autores: Ruth Irene Cabezas Ar\u00e9valo rcabezas@institutos.gob.ec Sandra Elizabeth Erazo Santill\u00e1n saneliz7@live.com RESUMEN El presente trabajo consiste en el estudio de la actitud de los estudiantes de la Facultad de Recursos Naturales Renovables ante la posibilidad de reciclar &hellip; Seguir leyendo \u00abInvestigaci\u00f3n 07 Reciclaje de Botellas pl\u00e1sticas\u00bb\" \/>\n<meta property=\"og:url\" content=\"https:\/\/istriobamba.edu.ec\/index.php\/investigacion-07-reciclaje-de-botellas-plasticas\/\" \/>\n<meta property=\"og:site_name\" content=\"INSTITUTO SUPERIOR TECNOL\u00d3GICO RIOBAMBA\" \/>\n<meta property=\"article:modified_time\" content=\"2022-12-06T16:23:35+00:00\" \/>\n<meta name=\"twitter:card\" content=\"summary_large_image\" \/>\n<meta name=\"twitter:label1\" content=\"Est. reading time\" \/>\n\t<meta name=\"twitter:data1\" content=\"2 minutos\" \/>\n<script type=\"application\/ld+json\" class=\"yoast-schema-graph\">{\"@context\":\"https:\/\/schema.org\",\"@graph\":[{\"@type\":\"Organization\",\"@id\":\"https:\/\/istriobamba.edu.ec\/#organization\",\"name\":\"INSTITUTO SUPERIOR TECNOL\u00d3GICO RIOBAMBA\",\"url\":\"https:\/\/istriobamba.edu.ec\/\",\"sameAs\":[],\"logo\":{\"@type\":\"ImageObject\",\"inLanguage\":\"es\",\"@id\":\"https:\/\/istriobamba.edu.ec\/#\/schema\/logo\/image\/\",\"url\":\"https:\/\/istriobamba.edu.ec\/wp-content\/uploads\/2026\/01\/fav-icon-1.png\",\"contentUrl\":\"https:\/\/istriobamba.edu.ec\/wp-content\/uploads\/2026\/01\/fav-icon-1.png\",\"width\":190,\"height\":190,\"caption\":\"INSTITUTO SUPERIOR TECNOL\u00d3GICO RIOBAMBA\"},\"image\":{\"@id\":\"https:\/\/istriobamba.edu.ec\/#\/schema\/logo\/image\/\"}},{\"@type\":\"WebSite\",\"@id\":\"https:\/\/istriobamba.edu.ec\/#website\",\"url\":\"https:\/\/istriobamba.edu.ec\/\",\"name\":\"INSTITUTO SUPERIOR TECNOL\u00d3GICO RIOBAMBA\",\"description\":\"\",\"publisher\":{\"@id\":\"https:\/\/istriobamba.edu.ec\/#organization\"},\"potentialAction\":[{\"@type\":\"SearchAction\",\"target\":{\"@type\":\"EntryPoint\",\"urlTemplate\":\"https:\/\/istriobamba.edu.ec\/?s={search_term_string}\"},\"query-input\":\"required name=search_term_string\"}],\"inLanguage\":\"es\"},{\"@type\":\"WebPage\",\"@id\":\"https:\/\/istriobamba.edu.ec\/index.php\/investigacion-07-reciclaje-de-botellas-plasticas\/\",\"url\":\"https:\/\/istriobamba.edu.ec\/index.php\/investigacion-07-reciclaje-de-botellas-plasticas\/\",\"name\":\"Investigaci\u00f3n 07 Reciclaje de Botellas pl\u00e1sticas - INSTITUTO SUPERIOR TECNOL\u00d3GICO RIOBAMBA\",\"isPartOf\":{\"@id\":\"https:\/\/istriobamba.edu.ec\/#website\"},\"datePublished\":\"2022-08-10T15:33:49+00:00\",\"dateModified\":\"2022-12-06T16:23:35+00:00\",\"breadcrumb\":{\"@id\":\"https:\/\/istriobamba.edu.ec\/index.php\/investigacion-07-reciclaje-de-botellas-plasticas\/#breadcrumb\"},\"inLanguage\":\"es\",\"potentialAction\":[{\"@type\":\"ReadAction\",\"target\":[\"https:\/\/istriobamba.edu.ec\/index.php\/investigacion-07-reciclaje-de-botellas-plasticas\/\"]}]},{\"@type\":\"BreadcrumbList\",\"@id\":\"https:\/\/istriobamba.edu.ec\/index.php\/investigacion-07-reciclaje-de-botellas-plasticas\/#breadcrumb\",\"itemListElement\":[{\"@type\":\"ListItem\",\"position\":1,\"name\":\"Home\",\"item\":\"https:\/\/istriobamba.edu.ec\/\"},{\"@type\":\"ListItem\",\"position\":2,\"name\":\"Investigaci\u00f3n 07 Reciclaje de Botellas pl\u00e1sticas\"}]}]}<\/script>\n<!-- \/ Yoast SEO plugin. -->","yoast_head_json":{"title":"Investigaci\u00f3n 07 Reciclaje de Botellas pl\u00e1sticas - INSTITUTO SUPERIOR TECNOL\u00d3GICO RIOBAMBA","robots":{"index":"index","follow":"follow","max-snippet":"max-snippet:-1","max-image-preview":"max-image-preview:large","max-video-preview":"max-video-preview:-1"},"canonical":"https:\/\/istriobamba.edu.ec\/index.php\/investigacion-07-reciclaje-de-botellas-plasticas\/","og_locale":"es_ES","og_type":"article","og_title":"Investigaci\u00f3n 07 Reciclaje de Botellas pl\u00e1sticas - INSTITUTO SUPERIOR TECNOL\u00d3GICO RIOBAMBA","og_description":"RECICLAJE DE BOTELLAS PL\u00c1STICAS COMO MECANISMO DE GESTI\u00d3N Y EDUCACI\u00d3NAMBIENTAL PARA EL DESARROLLO SOSTENIBLE Tecnolog\u00eda enRegencia en Farmacia Autores: Ruth Irene Cabezas Ar\u00e9valo rcabezas@institutos.gob.ec Sandra Elizabeth Erazo Santill\u00e1n saneliz7@live.com RESUMEN El presente trabajo consiste en el estudio de la actitud de los estudiantes de la Facultad de Recursos Naturales Renovables ante la posibilidad de reciclar &hellip; Seguir leyendo \u00abInvestigaci\u00f3n 07 Reciclaje de Botellas pl\u00e1sticas\u00bb","og_url":"https:\/\/istriobamba.edu.ec\/index.php\/investigacion-07-reciclaje-de-botellas-plasticas\/","og_site_name":"INSTITUTO SUPERIOR TECNOL\u00d3GICO RIOBAMBA","article_modified_time":"2022-12-06T16:23:35+00:00","twitter_card":"summary_large_image","twitter_misc":{"Est. reading time":"2 minutos"},"schema":{"@context":"https:\/\/schema.org","@graph":[{"@type":"Organization","@id":"https:\/\/istriobamba.edu.ec\/#organization","name":"INSTITUTO SUPERIOR TECNOL\u00d3GICO RIOBAMBA","url":"https:\/\/istriobamba.edu.ec\/","sameAs":[],"logo":{"@type":"ImageObject","inLanguage":"es","@id":"https:\/\/istriobamba.edu.ec\/#\/schema\/logo\/image\/","url":"https:\/\/istriobamba.edu.ec\/wp-content\/uploads\/2026\/01\/fav-icon-1.png","contentUrl":"https:\/\/istriobamba.edu.ec\/wp-content\/uploads\/2026\/01\/fav-icon-1.png","width":190,"height":190,"caption":"INSTITUTO SUPERIOR TECNOL\u00d3GICO RIOBAMBA"},"image":{"@id":"https:\/\/istriobamba.edu.ec\/#\/schema\/logo\/image\/"}},{"@type":"WebSite","@id":"https:\/\/istriobamba.edu.ec\/#website","url":"https:\/\/istriobamba.edu.ec\/","name":"INSTITUTO SUPERIOR TECNOL\u00d3GICO RIOBAMBA","description":"","publisher":{"@id":"https:\/\/istriobamba.edu.ec\/#organization"},"potentialAction":[{"@type":"SearchAction","target":{"@type":"EntryPoint","urlTemplate":"https:\/\/istriobamba.edu.ec\/?s={search_term_string}"},"query-input":"required name=search_term_string"}],"inLanguage":"es"},{"@type":"WebPage","@id":"https:\/\/istriobamba.edu.ec\/index.php\/investigacion-07-reciclaje-de-botellas-plasticas\/","url":"https:\/\/istriobamba.edu.ec\/index.php\/investigacion-07-reciclaje-de-botellas-plasticas\/","name":"Investigaci\u00f3n 07 Reciclaje de Botellas pl\u00e1sticas - INSTITUTO SUPERIOR TECNOL\u00d3GICO RIOBAMBA","isPartOf":{"@id":"https:\/\/istriobamba.edu.ec\/#website"},"datePublished":"2022-08-10T15:33:49+00:00","dateModified":"2022-12-06T16:23:35+00:00","breadcrumb":{"@id":"https:\/\/istriobamba.edu.ec\/index.php\/investigacion-07-reciclaje-de-botellas-plasticas\/#breadcrumb"},"inLanguage":"es","potentialAction":[{"@type":"ReadAction","target":["https:\/\/istriobamba.edu.ec\/index.php\/investigacion-07-reciclaje-de-botellas-plasticas\/"]}]},{"@type":"BreadcrumbList","@id":"https:\/\/istriobamba.edu.ec\/index.php\/investigacion-07-reciclaje-de-botellas-plasticas\/#breadcrumb","itemListElement":[{"@type":"ListItem","position":1,"name":"Home","item":"https:\/\/istriobamba.edu.ec\/"},{"@type":"ListItem","position":2,"name":"Investigaci\u00f3n 07 Reciclaje de Botellas pl\u00e1sticas"}]}]}},"_links":{"self":[{"href":"https:\/\/istriobamba.edu.ec\/index.php\/wp-json\/wp\/v2\/pages\/1072"}],"collection":[{"href":"https:\/\/istriobamba.edu.ec\/index.php\/wp-json\/wp\/v2\/pages"}],"about":[{"href":"https:\/\/istriobamba.edu.ec\/index.php\/wp-json\/wp\/v2\/types\/page"}],"author":[{"embeddable":true,"href":"https:\/\/istriobamba.edu.ec\/index.php\/wp-json\/wp\/v2\/users\/1"}],"replies":[{"embeddable":true,"href":"https:\/\/istriobamba.edu.ec\/index.php\/wp-json\/wp\/v2\/comments?post=1072"}],"version-history":[{"count":16,"href":"https:\/\/istriobamba.edu.ec\/index.php\/wp-json\/wp\/v2\/pages\/1072\/revisions"}],"predecessor-version":[{"id":2649,"href":"https:\/\/istriobamba.edu.ec\/index.php\/wp-json\/wp\/v2\/pages\/1072\/revisions\/2649"}],"wp:attachment":[{"href":"https:\/\/istriobamba.edu.ec\/index.php\/wp-json\/wp\/v2\/media?parent=1072"}],"curies":[{"name":"wp","href":"https:\/\/api.w.org\/{rel}","templated":true}]}}